{"id":2,"date":"2021-09-13T10:16:22","date_gmt":"2021-09-13T10:16:22","guid":{"rendered":"https:\/\/wndev.xyz\/coopmardev\/?page_id=2"},"modified":"2022-03-29T11:41:56","modified_gmt":"2022-03-29T11:41:56","slug":"inicio","status":"publish","type":"page","link":"https:\/\/wndev.xyz\/coopmardev\/","title":{"rendered":"inicio"},"content":{"rendered":"\n<div class=\"wp-block-cover alignfull is-light\" style=\"min-height:274px;aspect-ratio:unset;\"><span aria-hidden=\"true\" class=\"has-background-dim-0 wp-block-cover__gradient-background has-background-dim\"><\/span><img loading=\"lazy\" decoding=\"async\" width=\"1920\" height=\"274\" class=\"wp-block-cover__image-background wp-image-3341\" alt=\"\" src=\"https:\/\/wndev.xyz\/coopmardev\/wp-content\/uploads\/2022\/01\/banner_home_01.jpg\" data-object-fit=\"cover\" srcset=\"https:\/\/wndev.xyz\/coopmardev\/wp-content\/uploads\/2022\/01\/banner_home_01.jpg 1920w, https:\/\/wndev.xyz\/coopmardev\/wp-content\/uploads\/2022\/01\/banner_home_01-300x43.jpg 300w, https:\/\/wndev.xyz\/coopmardev\/wp-content\/uploads\/2022\/01\/banner_home_01-1024x146.jpg 1024w, https:\/\/wndev.xyz\/coopmardev\/wp-content\/uploads\/2022\/01\/banner_home_01-768x110.jpg 768w, https:\/\/wndev.xyz\/coopmardev\/wp-content\/uploads\/2022\/01\/banner_home_01-1536x219.jpg 1536w, https:\/\/wndev.xyz\/coopmardev\/wp-content\/uploads\/2022\/01\/banner_home_01-205x29.jpg 205w\" sizes=\"auto, (max-width: 1920px) 100vw, 1920px\" \/><div class=\"wp-block-cover__inner-container is-layout-flow wp-block-cover-is-layout-flow\">\n<div class=\"wp-block-columns alignwide is-layout-flex wp-container-core-columns-is-layout-28f84493 wp-block-columns-is-layout-flex\">\n<div class=\"wp-block-column is-layout-flow wp-block-column-is-layout-flow\"><\/div>\n<\/div>\n<\/div><\/div>\n\n\n\n<div style=\"height:40px\" aria-hidden=\"true\" class=\"wp-block-spacer\"><\/div>\n\n\n\n<div class=\"wp-block-columns is-layout-flex wp-container-core-columns-is-layout-28f84493 wp-block-columns-is-layout-flex\">\n<div class=\"wp-block-column is-layout-flow wp-block-column-is-layout-flow\">\n<p style=\"font-size:clamp(14px, 0.875rem + ((1vw - 3.2px) * 0.313), 18px);px\"><em>Archivo COOPMAR <\/em>constituye un elemento clave en esa conexi\u00f3n con la sociedad, a trav\u00e9s de la aportaci\u00f3n de todo un conjunto de objetos digitales, en diversos formatos, que evidencian ese potencial del patrimonio material e inmaterial de las ciudades puerto y los entornos mar\u00edtimos en la construcci\u00f3n de espacios de debate y el dise\u00f1o de pol\u00edticas p\u00fablicas para su gesti\u00f3n.<\/p>\n<\/div>\n\n\n\n<div class=\"wp-block-column is-layout-flow wp-block-column-is-layout-flow\">\n<p style=\"font-size:clamp(14px, 0.875rem + ((1vw - 3.2px) * 0.313), 18px);px\">Con ellos se pretende brindar a la comunidad un conjunto de referencias, disponibles en abierto y recopiladas gracias al conocimiento y el trabajo integrado de los participantes en la red, susceptibles de ser implementadas en las actividades y propuestas de las industrias creativas, los expertos en patrimonio o los especialistas en el campo de la educaci\u00f3n.<\/p>\n<\/div>\n<\/div>\n\n\n\n<div style=\"height:50px\" aria-hidden=\"true\" class=\"wp-block-spacer\"><\/div>\n\n\n\n<blockquote class=\"wp-block-quote is-layout-flow wp-block-quote-is-layout-flow\"><p><strong>La red <a href=\"https:\/\/coopmarcooperation.wordpress.com\/\" target=\"_blank\" rel=\"noreferrer noopener\"><em>COOPMAR<\/em><\/a><em>: Cooperaci\u00f3n Transoce\u00e1nica <\/em>(<a href=\"https:\/\/www.cyted.org\/?q=es\/detalle_proyecto&amp;un=930\" target=\"_blank\" rel=\"noreferrer noopener\">CYTED-617RT0532<\/a>), se plantea como objetivo principal la reflexi\u00f3n acerca del dise\u00f1o de pol\u00edticas p\u00fablicas, apoyadas por estrategias de cooperaci\u00f3n y transferencia de conocimientos, que asocien historia, memoria, cultura y nuevas tecnolog\u00edas sobre el eje tem\u00e1tico del mar y las ciudades puerto, en el presente y con perspectiva hist\u00f3rica.<\/strong><\/p><p><strong>El fin \u00faltimo es crear modelos de buenas pr\u00e1cticas adaptables a la diversidad sociocultural del espacio iberoamericano. Mediante un equipo interdisciplinar e internacional, con equipos de Portugal, Brasil, Chile, Cuba, Espa\u00f1a y Panam\u00e1, el proyecto pretende contribuir al uso social y reproductivo de las memorias compartidas.<\/strong><\/p><\/blockquote>\n\n\n\n<p><\/p>\n","protected":false},"excerpt":{"rendered":"<p>Archivo COOPMAR constituye un elemento clave en esa conexi\u00f3n con la sociedad, a trav\u00e9s de la aportaci\u00f3n de todo un conjunto de objetos digitales, en diversos formatos, que evidencian ese potencial del patrimonio material e inmaterial de las ciudades puerto y los entornos mar\u00edtimos en la construcci\u00f3n de espacios de debate y el dise\u00f1o de [&hellip;]<\/p>\n","protected":false},"author":1,"featured_media":0,"parent":0,"menu_order":0,"comment_status":"closed","ping_status":"closed","template":"","meta":{"footnotes":""},"class_list":["post-2","page","type-page","status-publish","hentry"],"blocksy_meta":{"styles_descriptor":{"styles":{"desktop":"","tablet":"","mobile":""},"google_fonts":[],"version":6}},"_links":{"self":[{"href":"https:\/\/wndev.xyz\/coopmardev\/wp-json\/wp\/v2\/pages\/2","targetHints":{"allow":["GET"]}}],"collection":[{"href":"https:\/\/wndev.xyz\/coopmardev\/wp-json\/wp\/v2\/pages"}],"about":[{"href":"https:\/\/wndev.xyz\/coopmardev\/wp-json\/wp\/v2\/types\/page"}],"author":[{"embeddable":true,"href":"https:\/\/wndev.xyz\/coopmardev\/wp-json\/wp\/v2\/users\/1"}],"replies":[{"embeddable":true,"href":"https:\/\/wndev.xyz\/coopmardev\/wp-json\/wp\/v2\/comments?post=2"}],"version-history":[{"count":36,"href":"https:\/\/wndev.xyz\/coopmardev\/wp-json\/wp\/v2\/pages\/2\/revisions"}],"predecessor-version":[{"id":3676,"href":"https:\/\/wndev.xyz\/coopmardev\/wp-json\/wp\/v2\/pages\/2\/revisions\/3676"}],"wp:attachment":[{"href":"https:\/\/wndev.xyz\/coopmardev\/wp-json\/wp\/v2\/media?parent=2"}],"curies":[{"name":"wp","href":"https:\/\/api.w.org\/{rel}","templated":true}]}}