{"id":2658,"date":"2020-01-28T13:20:23","date_gmt":"2020-01-28T13:20:23","guid":{"rendered":"https:\/\/demo.creativethemes.com\/blocksy\/blog\/?page_id=2658"},"modified":"2022-02-02T11:28:19","modified_gmt":"2022-02-02T11:28:19","slug":"equipo","status":"publish","type":"page","link":"https:\/\/wndev.xyz\/coopmardev\/equipo\/","title":{"rendered":"Equipo"},"content":{"rendered":"\n<div class=\"wp-block-cover alignfull is-light\" style=\"min-height:274px;aspect-ratio:unset;\"><span aria-hidden=\"true\" class=\"has-background-dim-0 wp-block-cover__gradient-background has-background-dim\"><\/span><img loading=\"lazy\" decoding=\"async\" width=\"1920\" height=\"274\" class=\"wp-block-cover__image-background wp-image-3341\" alt=\"\" src=\"https:\/\/wndev.xyz\/coopmardev\/wp-content\/uploads\/2022\/01\/banner_home_01.jpg\" data-object-fit=\"cover\" srcset=\"https:\/\/wndev.xyz\/coopmardev\/wp-content\/uploads\/2022\/01\/banner_home_01.jpg 1920w, https:\/\/wndev.xyz\/coopmardev\/wp-content\/uploads\/2022\/01\/banner_home_01-300x43.jpg 300w, https:\/\/wndev.xyz\/coopmardev\/wp-content\/uploads\/2022\/01\/banner_home_01-1024x146.jpg 1024w, https:\/\/wndev.xyz\/coopmardev\/wp-content\/uploads\/2022\/01\/banner_home_01-768x110.jpg 768w, https:\/\/wndev.xyz\/coopmardev\/wp-content\/uploads\/2022\/01\/banner_home_01-1536x219.jpg 1536w, https:\/\/wndev.xyz\/coopmardev\/wp-content\/uploads\/2022\/01\/banner_home_01-205x29.jpg 205w\" sizes=\"auto, (max-width: 1920px) 100vw, 1920px\" \/><div class=\"wp-block-cover__inner-container is-layout-flow wp-block-cover-is-layout-flow\">\n<div class=\"wp-block-columns alignwide is-layout-flex wp-container-core-columns-is-layout-28f84493 wp-block-columns-is-layout-flex\">\n<div class=\"wp-block-column is-layout-flow wp-block-column-is-layout-flow\" style=\"flex-basis:55%\"><\/div>\n\n\n\n<div class=\"wp-block-column is-layout-flow wp-block-column-is-layout-flow\"><\/div>\n<\/div>\n<\/div><\/div>\n\n\n\n<div style=\"height:40px\" aria-hidden=\"true\" class=\"wp-block-spacer\"><\/div>\n\n\n\n<p><strong>Coordinaci\u00f3n general:<\/strong> Am\u00e9lia Polonia \u2013 Universidade do Porto (Portugal)<\/p>\n\n\n\n<p><strong>Coordinaci\u00f3n cient\u00edfica del Archivo Coopmar:<\/strong> Roberto J. Gonz\u00e1lez Zalacain \u2013 Universidad de La Laguna (Espa\u00f1a)<\/p>\n\n\n\n<p><strong>Coordinaci\u00f3n t\u00e9cnica:<\/strong> Carlos Ferreira \u2013 webnucleo<\/p>\n\n\n\n<p><strong>Equipo de investigaci\u00f3n:<\/strong><\/p>\n\n\n\n<p>\u00c1lvaro Garrido \u2013 Museu de \u00cdlhavo (Portugal)<\/p>\n\n\n\n<p>Ana Mar\u00eda Rivera Medina \u2013 Universidad Nacional de Educaci\u00f3n a Distancia (Espa\u00f1a)<\/p>\n\n\n\n<p>Carlos Baptista Valentim \u2013 Museu da Marinha (Portugal)<\/p>\n\n\n\n<p>C\u00e1tia Miriam Costa \u2013 CEI\/ ISCTE\/ IUL (Portugal)<\/p>\n\n\n\n<p>Fernando Aparicio \u2013 Universidad de Panam\u00e1 (Panam\u00e1)<\/p>\n\n\n\n<p>Fernando Jorge Cruz Mouta \u2013 UPorto, Faculdade de Letras \/ CITCEM (Portugal)<\/p>\n\n\n\n<p>Fernando Vergara Ben\u00edtez \u2013 Pontificia Universidad Cat\u00f3lica de Valpara\u00edso (Chile)<\/p>\n\n\n\n<p>Guilherme Marques \u2013 Funda\u00e7\u00e3o Get\u00falio Vargas (Brasil)<\/p>\n\n\n\n<p>Jorge Alfredo Carballo \u2013 Universidad de La Habana\/ Catedra de Estudios del Caribe \u201cNorman Girvan\u201d (Cuba)<\/p>\n\n\n\n<p>Jorge Ferrada Herrera \u2013 Pontifica Universidad Cat\u00f3lica de Valpara\u00edso (Chile)<\/p>\n\n\n\n<p>Jos\u00e9 Gameiro \u2013 Museu De Portim\u00e3o (Portugal)<\/p>\n\n\n\n<p>Luiz Cl\u00e1udio Ribeiro \u2013 Universidade Federal do Esp\u00edrito Santo (Brasil)<\/p>\n\n\n\n<p>Mihaela Stegaru \u2013 Universidad Latina de Panam\u00e1 (Panam\u00e1)<\/p>\n\n\n\n<p>Mira Linero Baroni \u2013 Patronato Panam\u00e1 Viejo (Panam\u00e1)<\/p>\n\n\n\n<p>Ofelia Rey Castelao \u2013 Universidade de Santiago de Compostela (Espa\u00f1a)<\/p>\n\n\n\n<p>Paulo Faustino \u2013 Universidade do Porto\/ Centre for Research in Communication, Information and Digital Culture (Portugal)<\/p>\n\n\n\n<p>Ra\u00fal Allard Neumann \u2013 Pontifica Universidad Cat\u00f3lica de Valpara\u00edso \/ Centro de Estudios y Asistencia Legislativa (Chile)<\/p>\n\n\n\n<p>Ricardo Torres \u2013 Universidad de La Habana\/ Catedra de Estudios del Caribe \u201cNorman Girvan\u201d (Cuba)<\/p>\n\n\n\n<p>S\u00edlvio C\u00e9sar Alves Rodrigues \u2013 (Brasil)<\/p>\n\n\n\n<p>Ximena Urbina \u2013 Pontifica Universidad Cat\u00f3lica de Valpara\u00edso (Chile)<\/p>\n\n\n\n<p><strong>Alumnado colaborador Universidad Andr\u00e9s Bello (Chile)<\/strong><\/p>\n\n\n\n<p>Mar\u00eda Jos\u00e9 Rebusnante Carre\u00f1o<\/p>\n\n\n\n<p>Mat\u00edas Olave V\u00e1squez<\/p>\n\n\n\n<p>Nicol\u00e1s Sierra de Polsi<\/p>\n\n\n\n<p>Vicent Vilches Miranda Williams Gonz\u00e1lez<\/p>\n","protected":false},"excerpt":{"rendered":"<p>Coordinaci\u00f3n general: Am\u00e9lia Polonia \u2013 Universidade do Porto (Portugal) Coordinaci\u00f3n cient\u00edfica del Archivo Coopmar: Roberto J. Gonz\u00e1lez Zalacain \u2013 Universidad de La Laguna (Espa\u00f1a) Coordinaci\u00f3n t\u00e9cnica: Carlos Ferreira \u2013 webnucleo Equipo de investigaci\u00f3n: \u00c1lvaro Garrido \u2013 Museu de \u00cdlhavo (Portugal) Ana Mar\u00eda Rivera Medina \u2013 Universidad Nacional de Educaci\u00f3n a Distancia (Espa\u00f1a) Carlos Baptista Valentim [&hellip;]<\/p>\n","protected":false},"author":1,"featured_media":0,"parent":0,"menu_order":0,"comment_status":"closed","ping_status":"closed","template":"","meta":{"footnotes":""},"class_list":["post-2658","page","type-page","status-publish","hentry"],"blocksy_meta":{"page_title_panel":"","has_hero_section":"default","d5bdd479f8ee92130a8a551342796d84":"","hero_section":"type-1","hero_alignment1":"left","hero_alignment2":"center","hero_height":"230px","page_title_bg_type":"color","custom_hero_background":{"attachment_id":null},"parallax":{"desktop":false,"tablet":false,"mobile":false},"9dbce9d8fb8d98ca76125bf037628cfd":"","single_meta_elements":{"author":false,"date":false,"categories":false,"comments":false,"updated":false,"tags":false},"has_meta_label":"yes","has_meta_avatar":"yes","date_format_source":"custom","single_meta_date_format":"M j, Y","25382f93dbb058e09fc2cb064ce34f76":"","page_excerpt_visibility":{"desktop":true,"tablet":true,"mobile":false},"pageTitleFont":{"family":"Default","variation":"Default","size":{"desktop":"32px","tablet":"30px","mobile":"25px"},"line-height":"1.3","letter-spacing":"CT_CSS_SKIP_RULE","text-transform":"CT_CSS_SKIP_RULE","text-decoration":"CT_CSS_SKIP_RULE"},"pageTitleFontColor":{"default":{"color":"var(--theme-palette-color-4)"}},"pageMetaFont":{"family":"Default","variation":"n6","size":{"desktop":"12px","tablet":"12px","mobile":"12px"},"line-height":"1.3","letter-spacing":"CT_CSS_SKIP_RULE","text-transform":"uppercase","text-decoration":"CT_CSS_SKIP_RULE"},"pageMetaFontColor":{"default":{"color":"CT_CSS_SKIP_RULEDEFAULT"},"hover":{"color":"CT_CSS_SKIP_RULEDEFAULT"}},"pageExcerptFont":{"family":"Default","variation":"n5","size":"CT_CSS_SKIP_RULE","line-height":"CT_CSS_SKIP_RULE","letter-spacing":"CT_CSS_SKIP_RULE","text-transform":"CT_CSS_SKIP_RULE","text-decoration":"CT_CSS_SKIP_RULE"},"pageExcerptColor":{"default":{"color":"CT_CSS_SKIP_RULEDEFAULT"}},"pageTitleOverlay":{"background_type":"color","background_pattern":"type-1","background_image":{"attachment_id":null,"x":0,"y":0},"gradient":"linear-gradient(135deg,rgba(6,147,227,1) 0%,rgb(155,81,224) 100%)","background_repeat":"repeat","background_size":"auto","background_attachment":"scroll","patternColor":{"default":{"color":"#e5e7ea"}},"overlayColor":{"default":{"color":"CT_CSS_SKIP_RULE"}},"backgroundColor":{"default":{"color":"CT_CSS_SKIP_RULE"}},"default":{"color":"rgba(41, 51, 60, 0.2)"}},"pageTitleBackground":{"background_type":"color","background_pattern":"type-1","background_image":{"attachment_id":null,"x":0,"y":0},"gradient":"linear-gradient(135deg,rgba(6,147,227,1) 0%,rgb(155,81,224) 100%)","background_repeat":"repeat","background_size":"auto","background_attachment":"scroll","patternColor":{"default":{"color":"#e5e7ea"}},"overlayColor":{"default":{"color":"CT_CSS_SKIP_RULE"}},"backgroundColor":{"default":{"color":"var(--theme-palette-color-6)"}},"default":{"color":"#EDEFF2"}},"0f6f7abea9f26b2103895727e4bc5a79":"","page_structure_type":"type-4","page_enable_vertical_spacing":"yes","styles_descriptor":{"styles":{"desktop":"","tablet":"","mobile":""},"google_fonts":[],"version":6},"e1df8ce90ae670daa756560b2d74e39f":"","hero_elements":[{"id":"custom_title","enabled":true,"heading_tag":"h1","title":"Home"},{"id":"custom_description","enabled":true,"description_visibility":{"desktop":true,"tablet":true,"mobile":false}},{"id":"custom_meta","enabled":false,"meta_elements":[{"id":"author","enabled":true,"label":"By","has_author_avatar":"yes","avatar_size":25},{"id":"post_date","enabled":true,"label":"On","date_format_source":"default","date_format":"M j, Y"},{"id":"updated_date","enabled":false,"label":"On","date_format_source":"default","date_format":"M j, Y"},{"id":"categories","enabled":false,"label":"In","style":"simple"},{"id":"comments","enabled":true}],"page_meta_elements":{"joined":true,"articles_count":true,"comments":true}},{"id":"breadcrumbs","enabled":false}],"4eda01ed09830c5ebfaa09bacb873ff7":"","hero_margin":40,"hero_vertical_alignment":"center","f6a92fd723680832d02b705ec2eea69d":"","hero_structure":"narrow","88d7f9d917f4ed15968081eef83f322e":"","c22e358b20e5370ba6866e4a2dcb7aa7":"","page_meta_button_type_font_colors":{"default":{"color":"CT_CSS_SKIP_RULEDEFAULT"},"hover":{"color":"CT_CSS_SKIP_RULEDEFAULT"}},"page_meta_button_type_background_colors":{"default":{"color":"CT_CSS_SKIP_RULEDEFAULT"},"hover":{"color":"CT_CSS_SKIP_RULEDEFAULT"}},"breadcrumbsFont":{"family":"Default","variation":"Default","size":"CT_CSS_SKIP_RULE","line-height":"CT_CSS_SKIP_RULE","letter-spacing":"CT_CSS_SKIP_RULE","text-transform":"CT_CSS_SKIP_RULE","text-decoration":"CT_CSS_SKIP_RULE"},"breadcrumbsFontColor":{"default":{"color":"CT_CSS_SKIP_RULEDEFAULT"},"initial":{"color":"CT_CSS_SKIP_RULEDEFAULT"},"hover":{"color":"CT_CSS_SKIP_RULEDEFAULT"}},"pageTitlePadding":{"top":"50px","bottom":"50px","left":"auto","right":"auto","linked":true},"d3311a7a29eb45f938a333c262a467bb":"","5f20dc5d8d8ec50eb28b1e6d6251b86d":"","content_style_source":"inherit","content_style":{"desktop":"boxed","tablet":"boxed","mobile":"boxed","__changed":[]},"vertical_spacing_source":"inherit","content_area_spacing":"both","background":{"background_type":"color","background_pattern":"type-1","background_image":{"attachment_id":null,"x":0,"y":0},"gradient":"linear-gradient(135deg,rgba(6,147,227,1) 0%,rgb(155,81,224) 100%)","background_repeat":"repeat","background_size":"auto","background_attachment":"scroll","patternColor":{"default":{"color":"#e5e7ea"}},"overlayColor":{"default":{"color":"CT_CSS_SKIP_RULE"}},"backgroundColor":{"default":{"color":"CT_CSS_SKIP_RULE"}}},"content_background":{"background_type":"color","background_pattern":"type-1","background_image":{"attachment_id":null,"x":0,"y":0},"gradient":"linear-gradient(135deg,rgba(6,147,227,1) 0%,rgb(155,81,224) 100%)","background_repeat":"repeat","background_size":"auto","background_attachment":"scroll","patternColor":{"default":{"color":"#e5e7ea"}},"overlayColor":{"default":{"color":"CT_CSS_SKIP_RULE"}},"backgroundColor":{"default":{"color":"var(--theme-palette-color-8)"}}},"content_boxed_shadow":{"inherit":false,"blur":18,"spread":-6,"v_offset":12,"h_offset":0,"inset":false,"enable":true,"color":{"color":"rgba(34, 56, 101, 0.04)"}},"boxed_content_spacing":{"desktop":{"top":"40px","bottom":"40px","left":"40px","right":"40px","linked":true},"tablet":{"top":"35px","bottom":"35px","left":"35px","right":"35px","linked":true},"mobile":{"top":"20px","bottom":"20px","left":"20px","right":"20px","linked":true}},"content_boxed_radius":{"top":"3px","bottom":"3px","left":"3px","right":"3px","linked":true},"a33417cb7e6d8ea2cbee5f68377605e5":"","disable_featured_image":"no","disable_share_box":"no","disable_header":"no","disable_footer":"no"},"_links":{"self":[{"href":"https:\/\/wndev.xyz\/coopmardev\/wp-json\/wp\/v2\/pages\/2658","targetHints":{"allow":["GET"]}}],"collection":[{"href":"https:\/\/wndev.xyz\/coopmardev\/wp-json\/wp\/v2\/pages"}],"about":[{"href":"https:\/\/wndev.xyz\/coopmardev\/wp-json\/wp\/v2\/types\/page"}],"author":[{"embeddable":true,"href":"https:\/\/wndev.xyz\/coopmardev\/wp-json\/wp\/v2\/users\/1"}],"replies":[{"embeddable":true,"href":"https:\/\/wndev.xyz\/coopmardev\/wp-json\/wp\/v2\/comments?post=2658"}],"version-history":[{"count":3,"href":"https:\/\/wndev.xyz\/coopmardev\/wp-json\/wp\/v2\/pages\/2658\/revisions"}],"predecessor-version":[{"id":3569,"href":"https:\/\/wndev.xyz\/coopmardev\/wp-json\/wp\/v2\/pages\/2658\/revisions\/3569"}],"wp:attachment":[{"href":"https:\/\/wndev.xyz\/coopmardev\/wp-json\/wp\/v2\/media?parent=2658"}],"curies":[{"name":"wp","href":"https:\/\/api.w.org\/{rel}","templated":true}]}}