{"id":2660,"date":"2020-01-28T13:21:00","date_gmt":"2020-01-28T13:21:00","guid":{"rendered":"https:\/\/demo.creativethemes.com\/blocksy\/blog\/?page_id=2660"},"modified":"2022-03-29T11:46:58","modified_gmt":"2022-03-29T11:46:58","slug":"red-coopmar","status":"publish","type":"page","link":"https:\/\/wndev.xyz\/coopmardev\/red-coopmar\/","title":{"rendered":"Red COOPMAR"},"content":{"rendered":"\n<div class=\"wp-block-cover alignfull is-light\" style=\"min-height:274px;aspect-ratio:unset;\"><span aria-hidden=\"true\" class=\"has-background-dim-0 wp-block-cover__gradient-background has-background-dim\"><\/span><img loading=\"lazy\" decoding=\"async\" width=\"1920\" height=\"274\" class=\"wp-block-cover__image-background wp-image-3341\" alt=\"\" src=\"https:\/\/wndev.xyz\/coopmardev\/wp-content\/uploads\/2022\/01\/banner_home_01.jpg\" data-object-fit=\"cover\" srcset=\"https:\/\/wndev.xyz\/coopmardev\/wp-content\/uploads\/2022\/01\/banner_home_01.jpg 1920w, https:\/\/wndev.xyz\/coopmardev\/wp-content\/uploads\/2022\/01\/banner_home_01-300x43.jpg 300w, https:\/\/wndev.xyz\/coopmardev\/wp-content\/uploads\/2022\/01\/banner_home_01-1024x146.jpg 1024w, https:\/\/wndev.xyz\/coopmardev\/wp-content\/uploads\/2022\/01\/banner_home_01-768x110.jpg 768w, https:\/\/wndev.xyz\/coopmardev\/wp-content\/uploads\/2022\/01\/banner_home_01-1536x219.jpg 1536w, https:\/\/wndev.xyz\/coopmardev\/wp-content\/uploads\/2022\/01\/banner_home_01-205x29.jpg 205w\" sizes=\"auto, (max-width: 1920px) 100vw, 1920px\" \/><div class=\"wp-block-cover__inner-container is-layout-flow wp-block-cover-is-layout-flow\">\n<div class=\"wp-block-columns alignwide is-layout-flex wp-container-core-columns-is-layout-28f84493 wp-block-columns-is-layout-flex\">\n<div class=\"wp-block-column is-layout-flow wp-block-column-is-layout-flow\" style=\"flex-basis:55%\"><\/div>\n\n\n\n<div class=\"wp-block-column is-layout-flow wp-block-column-is-layout-flow\"><\/div>\n<\/div>\n<\/div><\/div>\n\n\n\n<div style=\"height:40px\" aria-hidden=\"true\" class=\"wp-block-spacer\"><\/div>\n\n\n\n<p>La red <a href=\"https:\/\/coopmarcooperation.wordpress.com\/\" target=\"_blank\" rel=\"noreferrer noopener\"><em>COOPMAR<\/em><\/a><em>: Cooperaci\u00f3n Transoce\u00e1nica <\/em>(<a href=\"https:\/\/www.cyted.org\/?q=es\/detalle_proyecto&amp;un=930\" target=\"_blank\" rel=\"noreferrer noopener\">CYTED-617RT0532<\/a>), se plantea como objetivo principal la reflexi\u00f3n acerca del dise\u00f1o de pol\u00edticas p\u00fablicas, apoyadas por estrategias de cooperaci\u00f3n y transferencia de conocimientos, que asocien historia, memoria, cultura y nuevas tecnolog\u00edas sobre el eje tem\u00e1tico del mar y las ciudades puerto, en el presente y con perspectiva hist\u00f3rica. El fin \u00faltimo es crear modelos de buenas pr\u00e1cticas adaptables a la diversidad sociocultural del espacio iberoamericano. Mediante un equipo interdisciplinar e internacional, con equipos de Portugal, Brasil, Chile, Cuba, Espa\u00f1a y Panam\u00e1, el proyecto pretende contribuir al uso social y reproductivo de las memorias compartidas.<\/p>\n\n\n\n<p>Dirigida a las industrias culturales y al turismo, y utilizando para ello las nuevas tecnolog\u00edas, la red pretende impulsar proyectos vinculados a las nuevas econom\u00edas, dirigidos a actividades como el turismo, el patrimonio y la preservaci\u00f3n del medio ambiente, contribuyendo a la construcci\u00f3n de sociedades del conocimiento. A trav\u00e9s del di\u00e1logo entre universidades y unidades de I+D, comunidades e instituciones p\u00fablicas y privadas, se pretende contribuir al dise\u00f1o de pol\u00edticas p\u00fablicas y formular propuestas concretas de intervenci\u00f3n con impacto socioecon\u00f3mico.<\/p>\n\n\n\n<p>Con la integraci\u00f3n de historia, memoria, cultura y nuevas tecnolog\u00edas, se aspira a entregar a la sociedad, en acceso abierto, productos concretos para el fortalecimiento de la responsabilidad social y la sostenibilidad econ\u00f3mica. COOPMAR entiende que las din\u00e1micas hist\u00f3ricas de largo plazo creadas por el mar y en torno al mar tienen la capacidad de reactivar los potenciales de colaboraci\u00f3n en Iberoam\u00e9rica y contribuir al fortalecimiento de pol\u00edticas e iniciativas convergentes, con ventajas mutuas.<\/p>\n\n\n\n<p>Dentro de este marco general, el <em><a href=\"https:\/\/wndev.xyz\/coopmardev\/\">Archivo COOPMAR<\/a> <\/em>constituye un elemento clave en esa conexi\u00f3n con la sociedad, a trav\u00e9s de la aportaci\u00f3n de todo un conjunto de objetos digitales, en diversos formatos, que evidencian ese potencial del patrimonio material e inmaterial de las ciudades puerto y los entornos mar\u00edtimos en la construcci\u00f3n de espacios de debate y el dise\u00f1o de pol\u00edticas p\u00fablicas para su gesti\u00f3n. Con ellos se pretende brindar a la comunidad un conjunto de referencias, disponibles en abierto y recopiladas gracias al conocimiento y el trabajo integrado de los participantes en la red, susceptibles de ser implementadas en las actividades y propuestas de las industrias creativas, los expertos en patrimonio o los especialistas en el campo de la educaci\u00f3n.<\/p>\n\n\n\n<div style=\"height:30px\" aria-hidden=\"true\" class=\"wp-block-spacer\"><\/div>\n\n\n\n<h4 class=\"wp-block-heading\" id=\"coopmar-cyted-transoceanic-cooperation-youtube\">CoopMar CYTED &#8211; Transoceanic Cooperation &#8211; <a href=\"https:\/\/www.youtube.com\/channel\/UC8g2XaGTeIeYkkwiHhyR80A\" target=\"_blank\" rel=\"noreferrer noopener\">YouTube<\/a><\/h4>\n\n\n\n<div class=\"wp-block-columns is-layout-flex wp-container-core-columns-is-layout-28f84493 wp-block-columns-is-layout-flex\">\n<div class=\"wp-block-column is-layout-flow wp-block-column-is-layout-flow\">\n<figure class=\"wp-block-embed is-type-video is-provider-youtube wp-block-embed-youtube wp-embed-aspect-16-9 wp-has-aspect-ratio\"><div class=\"wp-block-embed__wrapper\">\n<iframe loading=\"lazy\" title=\"Semana Coopmar Valpara\u00edso - Chile 2019\" width=\"1290\" height=\"726\" src=\"https:\/\/www.youtube.com\/embed\/-ZGI1-SSWgQ?feature=oembed\" frameborder=\"0\" allow=\"accelerometer; autoplay; clipboard-write; encrypted-media; gyroscope; picture-in-picture\" allowfullscreen><\/iframe>\n<\/div><\/figure>\n<\/div>\n\n\n\n<div class=\"wp-block-column is-layout-flow wp-block-column-is-layout-flow\">\n<figure class=\"wp-block-embed is-type-video is-provider-youtube wp-block-embed-youtube wp-embed-aspect-16-9 wp-has-aspect-ratio\"><div class=\"wp-block-embed__wrapper\">\n<iframe loading=\"lazy\" title=\"CoopMar Portugal Porto 2018\" width=\"1290\" height=\"726\" src=\"https:\/\/www.youtube.com\/embed\/Wl75W8r6B2o?feature=oembed\" frameborder=\"0\" allow=\"accelerometer; autoplay; clipboard-write; encrypted-media; gyroscope; picture-in-picture\" allowfullscreen><\/iframe>\n<\/div><\/figure>\n<\/div>\n<\/div>\n\n\n\n<div class=\"wp-block-columns is-layout-flex wp-container-core-columns-is-layout-28f84493 wp-block-columns-is-layout-flex\">\n<div class=\"wp-block-column is-layout-flow wp-block-column-is-layout-flow\">\n<figure class=\"wp-block-embed is-type-video is-provider-youtube wp-block-embed-youtube wp-embed-aspect-16-9 wp-has-aspect-ratio\"><div class=\"wp-block-embed__wrapper\">\n<iframe loading=\"lazy\" title=\"CoopMar Chile Valpara\u00edso 2018\" width=\"1290\" height=\"726\" src=\"https:\/\/www.youtube.com\/embed\/PN6alcZzTjQ?feature=oembed\" frameborder=\"0\" allow=\"accelerometer; autoplay; clipboard-write; encrypted-media; gyroscope; picture-in-picture\" allowfullscreen><\/iframe>\n<\/div><\/figure>\n<\/div>\n\n\n\n<div class=\"wp-block-column is-layout-flow wp-block-column-is-layout-flow\">\n<figure class=\"wp-block-embed is-type-video is-provider-youtube wp-block-embed-youtube wp-embed-aspect-16-9 wp-has-aspect-ratio\"><div class=\"wp-block-embed__wrapper\">\n<iframe loading=\"lazy\" title=\"CoopMar Panam\u00e1 2018\" width=\"1290\" height=\"726\" src=\"https:\/\/www.youtube.com\/embed\/6g15QafAbGw?feature=oembed\" frameborder=\"0\" allow=\"accelerometer; autoplay; clipboard-write; encrypted-media; gyroscope; picture-in-picture\" allowfullscreen><\/iframe>\n<\/div><\/figure>\n<\/div>\n<\/div>\n","protected":false},"excerpt":{"rendered":"<p>La red COOPMAR: Cooperaci\u00f3n Transoce\u00e1nica (CYTED-617RT0532), se plantea como objetivo principal la reflexi\u00f3n acerca del dise\u00f1o de pol\u00edticas p\u00fablicas, apoyadas por estrategias de cooperaci\u00f3n y transferencia de conocimientos, que asocien historia, memoria, cultura y nuevas tecnolog\u00edas sobre el eje tem\u00e1tico del mar y las ciudades puerto, en el presente y con perspectiva hist\u00f3rica. El fin [&hellip;]<\/p>\n","protected":false},"author":1,"featured_media":3341,"parent":0,"menu_order":0,"comment_status":"closed","ping_status":"closed","template":"","meta":{"footnotes":""},"class_list":["post-2660","page","type-page","status-publish","has-post-thumbnail","hentry"],"blocksy_meta":{"styles_descriptor":{"styles":{"desktop":"","tablet":"","mobile":""},"google_fonts":[],"version":6},"page_title_panel":"","has_hero_section":"default","1402e8dbceeffa42e13075f4c6e8f8c5":"","hero_section":"type-1","hero_elements":[{"id":"custom_title","enabled":true,"heading_tag":"h1","title":"Home"},{"id":"custom_description","enabled":true,"description_visibility":{"desktop":true,"tablet":true,"mobile":false}},{"id":"custom_meta","enabled":false,"meta_elements":[{"id":"author","enabled":true,"label":"By","has_author_avatar":"yes","avatar_size":25},{"id":"post_date","enabled":true,"label":"On","date_format_source":"default","date_format":"M j, Y"},{"id":"updated_date","enabled":false,"label":"On","date_format_source":"default","date_format":"M j, Y"},{"id":"categories","enabled":false,"label":"In","style":"simple"},{"id":"comments","enabled":true}],"page_meta_elements":{"joined":true,"articles_count":true,"comments":true}},{"id":"breadcrumbs","enabled":false}],"d241714bdf79a7cf13ae62ec07650c8a":"","hero_alignment1":"CT_CSS_SKIP_RULE","hero_margin":40,"hero_alignment2":"center","hero_vertical_alignment":"center","b381f36ad1c91560fc88a19864ab0f48":"","hero_structure":"narrow","a861231c52e3cecbac70483409717b07":"","page_title_bg_type":"featured_image","custom_hero_background":{"attachment_id":null},"parallax":{"desktop":false,"tablet":false,"mobile":false},"e7931f91932ceef99de9648cfa6c1760":"","hero_height":"250px","pageTitleFont":{"family":"Default","variation":"Default","size":"30px","line-height":"CT_CSS_SKIP_RULE","letter-spacing":"CT_CSS_SKIP_RULE","text-transform":"CT_CSS_SKIP_RULE","text-decoration":"CT_CSS_SKIP_RULE"},"pageTitleFontColor":{"default":{"color":"CT_CSS_SKIP_RULEDEFAULT"}},"pageMetaFont":{"family":"Default","variation":"n6","size":"12px","line-height":"1.3","letter-spacing":"CT_CSS_SKIP_RULE","text-transform":"uppercase","text-decoration":"CT_CSS_SKIP_RULE"},"pageMetaFontColor":{"default":{"color":"CT_CSS_SKIP_RULEDEFAULT"},"hover":{"color":"CT_CSS_SKIP_RULEDEFAULT"}},"page_meta_button_type_font_colors":{"default":{"color":"CT_CSS_SKIP_RULEDEFAULT"},"hover":{"color":"CT_CSS_SKIP_RULEDEFAULT"}},"page_meta_button_type_background_colors":{"default":{"color":"CT_CSS_SKIP_RULEDEFAULT"},"hover":{"color":"CT_CSS_SKIP_RULEDEFAULT"}},"pageExcerptFont":{"family":"Default","variation":"Default","size":"CT_CSS_SKIP_RULE","line-height":"CT_CSS_SKIP_RULE","letter-spacing":"CT_CSS_SKIP_RULE","text-transform":"CT_CSS_SKIP_RULE","text-decoration":"CT_CSS_SKIP_RULE"},"pageExcerptColor":{"default":{"color":"CT_CSS_SKIP_RULEDEFAULT"}},"breadcrumbsFont":{"family":"Default","variation":"Default","size":"CT_CSS_SKIP_RULE","line-height":"CT_CSS_SKIP_RULE","letter-spacing":"CT_CSS_SKIP_RULE","text-transform":"CT_CSS_SKIP_RULE","text-decoration":"CT_CSS_SKIP_RULE"},"breadcrumbsFontColor":{"default":{"color":"CT_CSS_SKIP_RULEDEFAULT"},"initial":{"color":"CT_CSS_SKIP_RULEDEFAULT"},"hover":{"color":"CT_CSS_SKIP_RULEDEFAULT"}},"pageTitleOverlay":{"background_type":"color","background_pattern":"type-1","background_image":{"attachment_id":null,"x":0,"y":0},"gradient":"linear-gradient(135deg,rgba(6,147,227,1) 0%,rgb(155,81,224) 100%)","background_repeat":"repeat","background_size":"auto","background_attachment":"scroll","patternColor":{"default":{"color":"#e5e7ea"}},"overlayColor":{"default":{"color":"CT_CSS_SKIP_RULE"}},"backgroundColor":{"default":{"color":"CT_CSS_SKIP_RULE"}}},"pageTitleBackground":{"background_type":"color","background_pattern":"type-1","background_image":{"attachment_id":null,"x":0,"y":0},"gradient":"linear-gradient(135deg,rgba(6,147,227,1) 0%,rgb(155,81,224) 100%)","background_repeat":"repeat","background_size":"auto","background_attachment":"scroll","patternColor":{"default":{"color":"#e5e7ea"}},"overlayColor":{"default":{"color":"CT_CSS_SKIP_RULE"}},"backgroundColor":{"default":{"color":"var(--theme-palette-color-6)"}}},"pageTitlePadding":{"top":"50px","bottom":"50px","left":"auto","right":"auto","linked":true},"bdd2021dd76703d2d13bd90583bed296":"","page_structure_type":"default","2314697be4b141f752c7ea67074a3488":"","content_style_source":"inherit","content_style":"wide","vertical_spacing_source":"inherit","content_area_spacing":"both","background":{"background_type":"color","background_pattern":"type-1","background_image":{"attachment_id":null,"x":0,"y":0},"gradient":"linear-gradient(135deg,rgba(6,147,227,1) 0%,rgb(155,81,224) 100%)","background_repeat":"repeat","background_size":"auto","background_attachment":"scroll","patternColor":{"default":{"color":"#e5e7ea"}},"overlayColor":{"default":{"color":"CT_CSS_SKIP_RULE"}},"backgroundColor":{"default":{"color":"CT_CSS_SKIP_RULE"}}},"content_background":{"background_type":"color","background_pattern":"type-1","background_image":{"attachment_id":null,"x":0,"y":0},"gradient":"linear-gradient(135deg,rgba(6,147,227,1) 0%,rgb(155,81,224) 100%)","background_repeat":"repeat","background_size":"auto","background_attachment":"scroll","patternColor":{"default":{"color":"#e5e7ea"}},"overlayColor":{"default":{"color":"CT_CSS_SKIP_RULE"}},"backgroundColor":{"default":{"color":"var(--theme-palette-color-8)"}}},"content_boxed_shadow":{"inherit":false,"blur":18,"spread":-6,"v_offset":12,"h_offset":0,"inset":false,"enable":true,"color":{"color":"rgba(34, 56, 101, 0.04)"}},"boxed_content_spacing":{"desktop":{"top":"40px","bottom":"40px","left":"40px","right":"40px","linked":true},"tablet":{"top":"35px","bottom":"35px","left":"35px","right":"35px","linked":true},"mobile":{"top":"20px","bottom":"20px","left":"20px","right":"20px","linked":true}},"content_boxed_radius":{"top":"3px","bottom":"3px","left":"3px","right":"3px","linked":true},"782d4ba6a9ff8fb0082fb50cc1a62312":"","disable_featured_image":"no","disable_share_box":"no","disable_header":"no","disable_footer":"no"},"_links":{"self":[{"href":"https:\/\/wndev.xyz\/coopmardev\/wp-json\/wp\/v2\/pages\/2660","targetHints":{"allow":["GET"]}}],"collection":[{"href":"https:\/\/wndev.xyz\/coopmardev\/wp-json\/wp\/v2\/pages"}],"about":[{"href":"https:\/\/wndev.xyz\/coopmardev\/wp-json\/wp\/v2\/types\/page"}],"author":[{"embeddable":true,"href":"https:\/\/wndev.xyz\/coopmardev\/wp-json\/wp\/v2\/users\/1"}],"replies":[{"embeddable":true,"href":"https:\/\/wndev.xyz\/coopmardev\/wp-json\/wp\/v2\/comments?post=2660"}],"version-history":[{"count":8,"href":"https:\/\/wndev.xyz\/coopmardev\/wp-json\/wp\/v2\/pages\/2660\/revisions"}],"predecessor-version":[{"id":3679,"href":"https:\/\/wndev.xyz\/coopmardev\/wp-json\/wp\/v2\/pages\/2660\/revisions\/3679"}],"wp:featuredmedia":[{"embeddable":true,"href":"https:\/\/wndev.xyz\/coopmardev\/wp-json\/wp\/v2\/media\/3341"}],"wp:attachment":[{"href":"https:\/\/wndev.xyz\/coopmardev\/wp-json\/wp\/v2\/media?parent=2660"}],"curies":[{"name":"wp","href":"https:\/\/api.w.org\/{rel}","templated":true}]}}