{"id":3584,"date":"2022-02-02T11:42:43","date_gmt":"2022-02-02T11:42:43","guid":{"rendered":"https:\/\/wndev.xyz\/coopmardev\/?page_id=3584"},"modified":"2022-02-02T11:42:43","modified_gmt":"2022-02-02T11:42:43","slug":"description-tecnica","status":"publish","type":"page","link":"https:\/\/wndev.xyz\/coopmardev\/description-tecnica\/","title":{"rendered":"Descripti\u00f3n t\u00e9cnica"},"content":{"rendered":"\n<div class=\"wp-block-cover alignfull is-light\" style=\"min-height:274px;aspect-ratio:unset;\"><span aria-hidden=\"true\" class=\"has-background-dim-0 wp-block-cover__gradient-background has-background-dim\"><\/span><img loading=\"lazy\" decoding=\"async\" width=\"1920\" height=\"274\" class=\"wp-block-cover__image-background wp-image-3341\" alt=\"\" src=\"https:\/\/wndev.xyz\/coopmardev\/wp-content\/uploads\/2022\/01\/banner_home_01.jpg\" data-object-fit=\"cover\" srcset=\"https:\/\/wndev.xyz\/coopmardev\/wp-content\/uploads\/2022\/01\/banner_home_01.jpg 1920w, https:\/\/wndev.xyz\/coopmardev\/wp-content\/uploads\/2022\/01\/banner_home_01-300x43.jpg 300w, https:\/\/wndev.xyz\/coopmardev\/wp-content\/uploads\/2022\/01\/banner_home_01-1024x146.jpg 1024w, https:\/\/wndev.xyz\/coopmardev\/wp-content\/uploads\/2022\/01\/banner_home_01-768x110.jpg 768w, https:\/\/wndev.xyz\/coopmardev\/wp-content\/uploads\/2022\/01\/banner_home_01-1536x219.jpg 1536w, https:\/\/wndev.xyz\/coopmardev\/wp-content\/uploads\/2022\/01\/banner_home_01-205x29.jpg 205w\" sizes=\"auto, (max-width: 1920px) 100vw, 1920px\" \/><div class=\"wp-block-cover__inner-container is-layout-flow wp-block-cover-is-layout-flow\">\n<div class=\"wp-block-columns alignwide is-layout-flex wp-container-core-columns-is-layout-28f84493 wp-block-columns-is-layout-flex\">\n<div class=\"wp-block-column is-layout-flow wp-block-column-is-layout-flow\" style=\"flex-basis:55%\"><\/div>\n\n\n\n<div class=\"wp-block-column is-layout-flow wp-block-column-is-layout-flow\"><\/div>\n<\/div>\n<\/div><\/div>\n\n\n\n<div style=\"height:40px\" aria-hidden=\"true\" class=\"wp-block-spacer\"><\/div>\n\n\n\n<p>El proyecto se ha desarrollado a partir de <a href=\"https:\/\/tainacan.org\/\" target=\"_blank\" rel=\"noreferrer noopener\">Tainacan<\/a>, un software libre para la creaci\u00f3n de repositorios de objetos digitales. Dise\u00f1ado por el <em>Laborat\u00f3rio de Intelig\u00eancia de Redes<\/em> de la <em>Universidade de Bras\u00edlia<\/em>, con apoyo de otras instituciones, su utilizaci\u00f3n fue decidida por las amplias posibilidades de personalizaci\u00f3n que ofrece.<\/p>\n\n\n\n<p>Ello ha permitido crear un espacio en el que conviven los distintos tipos de recursos que se ponen a disposici\u00f3n de la comunidad. Entre ellos debemos destacar, en primer lugar, todos aquellos productos generados por la actividad de la red en todos estos a\u00f1os. Publicaciones, programas de radio o documentales constituyen, entre otros, materiales que sin duda permitir\u00e1n una diseminaci\u00f3n de la actividad llevada a cabo en torno a COOPMAR.<\/p>\n\n\n\n<p>A todo este conjunto de objetos digitales se han a\u00f1adido una amplia selecci\u00f3n de otros recursos bibliogr\u00e1ficos, audiovisuales o iconogr\u00e1ficos disponibles de manera libre y gratuita en la red y seleccionados por las investigadoras e investigadores participantes a partir de su propia experiencia acad\u00e9mica y profesional. Se pretende generar un espacio en el que confluyan desde una perspectiva interdisciplinar los distintos saberes y experiencias articuladas en torno al n\u00facleo de investigadores.<\/p>\n\n\n\n<p>La informaci\u00f3n recopilada se ha sistematizado a partir de un esquema de metadatos que toma como punto de partida <a href=\"https:\/\/dublincore.org\/\" target=\"_blank\" rel=\"noreferrer noopener\"><em>Dublin Core<\/em><\/a>, en el que se han ido incorporando la informaci\u00f3n general y los descriptores de cada uno de los objetos digitales publicados. Con ello se pretende lograr no solo una mayor accesibilidad a la informaci\u00f3n sino tambi\u00e9n conformar una colecci\u00f3n estandarizada lo m\u00e1ximo posible con la intenci\u00f3n de potenciar su utilidad.<\/p>\n","protected":false},"excerpt":{"rendered":"<p>El proyecto se ha desarrollado a partir de Tainacan, un software libre para la creaci\u00f3n de repositorios de objetos digitales. Dise\u00f1ado por el Laborat\u00f3rio de Intelig\u00eancia de Redes de la Universidade de Bras\u00edlia, con apoyo de otras instituciones, su utilizaci\u00f3n fue decidida por las amplias posibilidades de personalizaci\u00f3n que ofrece. Ello ha permitido crear un [&hellip;]<\/p>\n","protected":false},"author":1,"featured_media":0,"parent":0,"menu_order":0,"comment_status":"closed","ping_status":"closed","template":"","meta":{"footnotes":""},"class_list":["post-3584","page","type-page","status-publish","hentry"],"blocksy_meta":{"styles_descriptor":{"styles":{"desktop":"","tablet":"","mobile":""},"google_fonts":[],"version":6}},"_links":{"self":[{"href":"https:\/\/wndev.xyz\/coopmardev\/wp-json\/wp\/v2\/pages\/3584","targetHints":{"allow":["GET"]}}],"collection":[{"href":"https:\/\/wndev.xyz\/coopmardev\/wp-json\/wp\/v2\/pages"}],"about":[{"href":"https:\/\/wndev.xyz\/coopmardev\/wp-json\/wp\/v2\/types\/page"}],"author":[{"embeddable":true,"href":"https:\/\/wndev.xyz\/coopmardev\/wp-json\/wp\/v2\/users\/1"}],"replies":[{"embeddable":true,"href":"https:\/\/wndev.xyz\/coopmardev\/wp-json\/wp\/v2\/comments?post=3584"}],"version-history":[{"count":1,"href":"https:\/\/wndev.xyz\/coopmardev\/wp-json\/wp\/v2\/pages\/3584\/revisions"}],"predecessor-version":[{"id":3585,"href":"https:\/\/wndev.xyz\/coopmardev\/wp-json\/wp\/v2\/pages\/3584\/revisions\/3585"}],"wp:attachment":[{"href":"https:\/\/wndev.xyz\/coopmardev\/wp-json\/wp\/v2\/media?parent=3584"}],"curies":[{"name":"wp","href":"https:\/\/api.w.org\/{rel}","templated":true}]}}