{"id":40,"date":"2021-09-22T10:15:33","date_gmt":"2021-09-22T10:15:33","guid":{"rendered":"https:\/\/wndev.xyz\/coopmardev\/?page_id=40"},"modified":"2022-02-02T11:35:34","modified_gmt":"2022-02-02T11:35:34","slug":"proyecto","status":"publish","type":"page","link":"https:\/\/wndev.xyz\/coopmardev\/proyecto\/","title":{"rendered":"Proyecto"},"content":{"rendered":"\n<div class=\"wp-block-cover alignfull is-light\" style=\"min-height:274px;aspect-ratio:unset;\"><span aria-hidden=\"true\" class=\"has-background-dim-0 wp-block-cover__gradient-background has-background-dim\"><\/span><img loading=\"lazy\" decoding=\"async\" width=\"1920\" height=\"274\" class=\"wp-block-cover__image-background wp-image-3341\" alt=\"\" src=\"https:\/\/wndev.xyz\/coopmardev\/wp-content\/uploads\/2022\/01\/banner_home_01.jpg\" data-object-fit=\"cover\" srcset=\"https:\/\/wndev.xyz\/coopmardev\/wp-content\/uploads\/2022\/01\/banner_home_01.jpg 1920w, https:\/\/wndev.xyz\/coopmardev\/wp-content\/uploads\/2022\/01\/banner_home_01-300x43.jpg 300w, https:\/\/wndev.xyz\/coopmardev\/wp-content\/uploads\/2022\/01\/banner_home_01-1024x146.jpg 1024w, https:\/\/wndev.xyz\/coopmardev\/wp-content\/uploads\/2022\/01\/banner_home_01-768x110.jpg 768w, https:\/\/wndev.xyz\/coopmardev\/wp-content\/uploads\/2022\/01\/banner_home_01-1536x219.jpg 1536w, https:\/\/wndev.xyz\/coopmardev\/wp-content\/uploads\/2022\/01\/banner_home_01-205x29.jpg 205w\" sizes=\"auto, (max-width: 1920px) 100vw, 1920px\" \/><div class=\"wp-block-cover__inner-container is-layout-flow wp-block-cover-is-layout-flow\">\n<div class=\"wp-block-columns alignwide is-layout-flex wp-container-core-columns-is-layout-28f84493 wp-block-columns-is-layout-flex\">\n<div class=\"wp-block-column is-layout-flow wp-block-column-is-layout-flow\" style=\"flex-basis:55%\"><\/div>\n\n\n\n<div class=\"wp-block-column is-layout-flow wp-block-column-is-layout-flow\"><\/div>\n<\/div>\n<\/div><\/div>\n\n\n\n<div style=\"height:40px\" aria-hidden=\"true\" class=\"wp-block-spacer\"><\/div>\n\n\n\n<p>El <em>Archivo COOPMAR <\/em>es un repositorio de objetos digitales que contiene materiales de diverso tipo y procedencia recopilados por su valor e inter\u00e9s en el marco de las tem\u00e1ticas concernientes al patrimonio mar\u00edtimo y sus buenas pr\u00e1cticas de gesti\u00f3n, preservaci\u00f3n y diseminaci\u00f3n. Se propone como un espacio de difusi\u00f3n y de puesta a disposici\u00f3n de los profesionales de los distintos campos involucrados en las tem\u00e1ticas de la red de todo un conjunto de recursos susceptibles de ser utilizados en su labor cotidiana.<\/p>\n\n\n\n<p>Para ello se ha elaborado un espacio web de libre acceso y gratuito que acoge una colecci\u00f3n de publicaciones, materiales documentales, gr\u00e1ficos, cartogr\u00e1ficos y audiovisuales derivados tanto de las actividades desarrolladas por la red como seleccionados por sus integrantes debido a su inter\u00e9s irrelevancia para el tema tratado. Con ellos, la red COOPMAR pretende aportar elementos al di\u00e1logo entre especialistas, con el \u00e1nimo de favorecer el debate y amplificar el espacio de influencia de sus resultados.<\/p>\n","protected":false},"excerpt":{"rendered":"<p>El Archivo COOPMAR es un repositorio de objetos digitales que contiene materiales de diverso tipo y procedencia recopilados por su valor e inter\u00e9s en el marco de las tem\u00e1ticas concernientes al patrimonio mar\u00edtimo y sus buenas pr\u00e1cticas de gesti\u00f3n, preservaci\u00f3n y diseminaci\u00f3n. Se propone como un espacio de difusi\u00f3n y de puesta a disposici\u00f3n de [&hellip;]<\/p>\n","protected":false},"author":1,"featured_media":0,"parent":0,"menu_order":0,"comment_status":"closed","ping_status":"closed","template":"","meta":{"footnotes":""},"class_list":["post-40","page","type-page","status-publish","hentry"],"blocksy_meta":{"styles_descriptor":{"styles":{"desktop":"","tablet":"","mobile":""},"google_fonts":[],"version":6}},"_links":{"self":[{"href":"https:\/\/wndev.xyz\/coopmardev\/wp-json\/wp\/v2\/pages\/40","targetHints":{"allow":["GET"]}}],"collection":[{"href":"https:\/\/wndev.xyz\/coopmardev\/wp-json\/wp\/v2\/pages"}],"about":[{"href":"https:\/\/wndev.xyz\/coopmardev\/wp-json\/wp\/v2\/types\/page"}],"author":[{"embeddable":true,"href":"https:\/\/wndev.xyz\/coopmardev\/wp-json\/wp\/v2\/users\/1"}],"replies":[{"embeddable":true,"href":"https:\/\/wndev.xyz\/coopmardev\/wp-json\/wp\/v2\/comments?post=40"}],"version-history":[{"count":9,"href":"https:\/\/wndev.xyz\/coopmardev\/wp-json\/wp\/v2\/pages\/40\/revisions"}],"predecessor-version":[{"id":3592,"href":"https:\/\/wndev.xyz\/coopmardev\/wp-json\/wp\/v2\/pages\/40\/revisions\/3592"}],"wp:attachment":[{"href":"https:\/\/wndev.xyz\/coopmardev\/wp-json\/wp\/v2\/media?parent=40"}],"curies":[{"name":"wp","href":"https:\/\/api.w.org\/{rel}","templated":true}]}}