{"id":393,"date":"2018-08-23T15:18:43","date_gmt":"2018-08-23T15:18:43","guid":{"rendered":"https:\/\/wndev.xyz\/lea\/?page_id=393"},"modified":"2024-11-07T10:24:41","modified_gmt":"2024-11-07T10:24:41","slug":"presentation","status":"publish","type":"page","link":"https:\/\/wndev.xyz\/lea\/presentation\/","title":{"rendered":"Pr\u00e9sentation"},"content":{"rendered":"<p><div class=\"fusion-fullwidth fullwidth-box fusion-builder-row-1 fusion-flex-container nonhundred-percent-fullwidth non-hundred-percent-height-scrolling\" style=\"--awb-border-radius-top-left:0px;--awb-border-radius-top-right:0px;--awb-border-radius-bottom-right:0px;--awb-border-radius-bottom-left:0px;--awb-padding-top:7%;--awb-padding-right:5%;--awb-padding-bottom:5%;--awb-padding-left:5%;--awb-margin-top:0%;--awb-margin-bottom:0%;--awb-background-color:#ffef00;--awb-flex-wrap:wrap;\" ><div class=\"fusion-builder-row fusion-row fusion-flex-align-items-flex-start fusion-flex-content-wrap\" style=\"max-width:calc( 100% + 0px );margin-left: calc(-0px \/ 2 );margin-right: calc(-0px \/ 2 );\"><div class=\"fusion-layout-column fusion_builder_column fusion-builder-column-0 fusion_builder_column_1_1 1_1 fusion-flex-column\" style=\"--awb-bg-blend:overlay;--awb-bg-size:cover;--awb-width-large:100%;--awb-margin-top-large:0px;--awb-spacing-right-large:0px;--awb-margin-bottom-large:0px;--awb-spacing-left-large:0px;--awb-width-medium:100%;--awb-spacing-right-medium:0px;--awb-spacing-left-medium:0px;--awb-width-small:100%;--awb-spacing-right-small:0px;--awb-spacing-left-small:0px;\"><div class=\"fusion-column-wrapper fusion-flex-justify-content-flex-start fusion-content-layout-column\"><div class=\"fusion-title title fusion-title-1 fusion-sep-none fusion-title-center fusion-title-text fusion-title-size-one\"><h1 class=\"fusion-title-heading title-heading-center fusion-responsive-typography-calculated\" style=\"margin:0;--fontSize:34;line-height:1.4;\"><h1 style=\"text-align: center;\">Pr\u00e9sentation<\/h1><\/h1><\/div><\/div><\/div><\/div><\/div><div class=\"fusion-fullwidth fullwidth-box fusion-builder-row-2 fusion-flex-container nonhundred-percent-fullwidth non-hundred-percent-height-scrolling\" style=\"--awb-border-radius-top-left:0px;--awb-border-radius-top-right:0px;--awb-border-radius-bottom-right:0px;--awb-border-radius-bottom-left:0px;--awb-padding-top:7%;--awb-padding-right:20%;--awb-padding-bottom:0%;--awb-padding-left:20%;--awb-margin-top:0px;--awb-margin-bottom:0px;--awb-flex-wrap:wrap;\" ><div class=\"fusion-builder-row fusion-row fusion-flex-align-items-flex-start fusion-flex-content-wrap\" style=\"max-width:calc( 100% + 0px );margin-left: calc(-0px \/ 2 );margin-right: calc(-0px \/ 2 );\"><div class=\"fusion-layout-column fusion_builder_column fusion-builder-column-1 fusion_builder_column_1_1 1_1 fusion-flex-column\" style=\"--awb-padding-top:0%;--awb-padding-right:0%;--awb-padding-bottom:0%;--awb-padding-left:0%;--awb-bg-blend:overlay;--awb-bg-size:cover;--awb-width-large:100%;--awb-margin-top-large:0%;--awb-spacing-right-large:0px;--awb-margin-bottom-large:0%;--awb-spacing-left-large:0px;--awb-width-medium:100%;--awb-spacing-right-medium:0px;--awb-spacing-left-medium:0px;--awb-width-small:100%;--awb-spacing-right-small:0px;--awb-spacing-left-small:0px;\"><div class=\"fusion-column-wrapper fusion-flex-justify-content-flex-start fusion-content-layout-column\"><div class=\"fusion-text fusion-text-1\" style=\"--awb-content-alignment:justify;\"><p style=\"text-align: justify;\"><b><i>LEA <\/i>! (Lire en Europe Aujourd&#8217;hui)<\/b> est un r\u00e9seau transnational d\u2019enseignants-chercheurs europ\u00e9ens, sp\u00e9cialis\u00e9s en litt\u00e9rature fran\u00e7aise, francophone ou compar\u00e9e\u00a0, et cela de toutes les \u00e9poques.<\/p>\n<p style=\"text-align: justify;\">Depuis sa cr\u00e9ation\u00a0en 2007,\u00a0notre groupe explore\u00a0le ph\u00e9nom\u00e8ne litt\u00e9raire dans tous ses aspects, avec, aussi, une attention pour les questions de th\u00e9orie et de m\u00e9thodologie. Face aux d\u00e9fis institutionnels auxquels doivent faire face les sciences humaines dans un monde en pleine \u00e9volution, les membres du groupe LEA\u00a0! veulent promouvoir\u00a0les \u00e9tudes litt\u00e9raires \u00e0 l\u2019\u00e9chelle internationale dans un esprit de francophonie scientifique.\u00a0Le groupe a aussi pour vocation d\u2019offrir des opportunit\u00e9s aux jeunes chercheurs et aux doctorants.<\/p>\n<p style=\"text-align: justify;\">Depuis sa cr\u00e9ation,\u00a0<em>LEA<\/em>\u00a0! a organis\u00e9 de nombreuses rencontres internationales, des universit\u00e9s d\u2019\u00e9t\u00e9 et a publi\u00e9 plusieurs ouvrages (voir rubriques correspondantes). B\u00e9n\u00e9ficiant du soutien de programmes internationaux (NWO, Erasmus+),\u00a0<em>LEA<\/em>\u00a0! a conduit divers projets de recherche sur les strat\u00e9gies de lecture et d\u2019\u00e9dition des textes litt\u00e9raires et critiques, cherchant \u00e0 repenser la lecture \u00e0 l\u2019\u00e8re de la globalisation et \u00e0 celle des humanit\u00e9s num\u00e9riques.<\/p>\n<\/div><div class=\"fusion-text fusion-text-2\" style=\"--awb-content-alignment:justify;\"><p><strong>Projet europ\u00e9en LEA ! \u201cReading communities, Shaping Identities\u201d (janvier 2024-d\u00e9cembre 2026)<br \/>REF. 2023-1-PT01-KA220-HED-000158582<\/strong><\/p>\n<p>Le projet europ\u00e9en LEA! \u201cReading communities, Shaping Identities\u201d s\u2019inscrit dans le cadre du programme Erasmus+ \u2013 Coop\u00e9ration en enseignement sup\u00e9rieur (KA220-HED) avec un financement de 250 000 euros. Pilot\u00e9 par l\u2019universit\u00e9 du Minho (IR Maria Cabral), ce projet r\u00e9unit un consortium de partenaires europ\u00e9ens majeurs, notamment l\u2019Universidade do Minho (coord.), l\u2019Universit\u00e9 d\u2019Anvers (B), l\u2019Universit\u00e9 de Cadiz (ES), l\u2019Universit\u00e9 Masarykova (CZ), l\u2019Universit\u00e9 Paris-Nanterre (FR), l\u2019Universit\u00e9 Paris 3 (FR), l\u2019Universit\u00e9 Pazmany Peter (HU), l\u2019Universit\u00e9 de Porto (PT), l\u2019Universit\u00e9 Roma Sapienza (IT), l\u2019Universit\u00e9 de Valence (ES), et l\u2019Alliance Fran\u00e7aise d\u2019Anvers (B) en tant que partenaire associ\u00e9.<\/p>\n<p>Ce projet vise \u00e0 approfondir les comp\u00e9tences de lecture et d\u2019interpr\u00e9tation enracin\u00e9es dans le concept de communaut\u00e9, en tirant parti d\u2019outils num\u00e9riques. Son ambition est de favoriser la diversit\u00e9 culturelle, la compr\u00e9hension interculturelle, et de d\u00e9velopper des collections sp\u00e9cifiquement adapt\u00e9es aux besoins des publics francophones. \u00c0 travers des workshops de cinq jours, des programmes intensifs \u00e9tal\u00e9s sur huit jours, et la mise en place de la plateforme digitale \u201cLirensemble\u201d, ce consortium explorera et approfondira la recherche, les m\u00e9thodologies, ainsi que les applications num\u00e9riques visant le partage de textes litt\u00e9raires.<\/p>\n<p>Cette nouvelle \u00e9tape de LEA! vise \u00e0 encourager la lecture sous toutes ses formes et \u00e0 promouvoir la rencontre avec les textes litt\u00e9raires au quotidien dans une perspective europ\u00e9enne d\u2019inclusion et de promotion de la diversit\u00e9.<\/p>\n<p><img decoding=\"async\" class=\"alignnone wp-image-2233\" src=\"https:\/\/wndev.xyz\/lea\/wp-content\/uploads\/2024\/01\/Logo-Erasmus--300x86.png\" alt=\"\" width=\"380\" height=\"109\" srcset=\"https:\/\/wndev.xyz\/lea\/wp-content\/uploads\/2024\/01\/Logo-Erasmus--200x57.png 200w, https:\/\/wndev.xyz\/lea\/wp-content\/uploads\/2024\/01\/Logo-Erasmus--300x86.png 300w, https:\/\/wndev.xyz\/lea\/wp-content\/uploads\/2024\/01\/Logo-Erasmus--400x114.png 400w, https:\/\/wndev.xyz\/lea\/wp-content\/uploads\/2024\/01\/Logo-Erasmus-.png 420w\" sizes=\"(max-width: 380px) 100vw, 380px\" \/><\/p>\n<\/div><\/div><\/div><\/div><\/div><div class=\"fusion-fullwidth fullwidth-box fusion-builder-row-3 fusion-flex-container nonhundred-percent-fullwidth non-hundred-percent-height-scrolling\" style=\"--awb-border-radius-top-left:0px;--awb-border-radius-top-right:0px;--awb-border-radius-bottom-right:0px;--awb-border-radius-bottom-left:0px;--awb-padding-top:3%;--awb-padding-right:20%;--awb-padding-bottom:0%;--awb-padding-left:20%;--awb-margin-top:0px;--awb-margin-bottom:0px;--awb-flex-wrap:wrap;\" ><div class=\"fusion-builder-row fusion-row fusion-flex-align-items-flex-start fusion-flex-content-wrap\" style=\"max-width:calc( 100% + 0px );margin-left: calc(-0px \/ 2 );margin-right: calc(-0px \/ 2 );\"><div class=\"fusion-layout-column fusion_builder_column fusion-builder-column-2 fusion_builder_column_1_1 1_1 fusion-flex-column\" style=\"--awb-padding-top:0%;--awb-padding-right:0%;--awb-padding-bottom:0%;--awb-padding-left:0%;--awb-bg-blend:overlay;--awb-bg-size:cover;--awb-width-large:100%;--awb-margin-top-large:0%;--awb-spacing-right-large:0px;--awb-margin-bottom-large:0%;--awb-spacing-left-large:0px;--awb-width-medium:100%;--awb-spacing-right-medium:0px;--awb-spacing-left-medium:0px;--awb-width-small:100%;--awb-spacing-right-small:0px;--awb-spacing-left-small:0px;\"><div class=\"fusion-column-wrapper fusion-flex-justify-content-flex-start fusion-content-layout-column\"><div class=\"fusion-text fusion-text-3\"><\/div><\/div><\/div><\/div><\/div><\/p>\n","protected":false},"excerpt":{"rendered":"","protected":false},"author":1,"featured_media":0,"parent":0,"menu_order":0,"comment_status":"closed","ping_status":"closed","template":"100-width.php","meta":{"footnotes":""},"class_list":["post-393","page","type-page","status-publish","hentry"],"_links":{"self":[{"href":"https:\/\/wndev.xyz\/lea\/wp-json\/wp\/v2\/pages\/393","targetHints":{"allow":["GET"]}}],"collection":[{"href":"https:\/\/wndev.xyz\/lea\/wp-json\/wp\/v2\/pages"}],"about":[{"href":"https:\/\/wndev.xyz\/lea\/wp-json\/wp\/v2\/types\/page"}],"author":[{"embeddable":true,"href":"https:\/\/wndev.xyz\/lea\/wp-json\/wp\/v2\/users\/1"}],"replies":[{"embeddable":true,"href":"https:\/\/wndev.xyz\/lea\/wp-json\/wp\/v2\/comments?post=393"}],"version-history":[{"count":25,"href":"https:\/\/wndev.xyz\/lea\/wp-json\/wp\/v2\/pages\/393\/revisions"}],"predecessor-version":[{"id":2248,"href":"https:\/\/wndev.xyz\/lea\/wp-json\/wp\/v2\/pages\/393\/revisions\/2248"}],"wp:attachment":[{"href":"https:\/\/wndev.xyz\/lea\/wp-json\/wp\/v2\/media?parent=393"}],"curies":[{"name":"wp","href":"https:\/\/api.w.org\/{rel}","templated":true}]}}