{"id":410,"date":"2018-08-23T16:00:45","date_gmt":"2018-08-23T16:00:45","guid":{"rendered":"https:\/\/wndev.xyz\/lea\/?page_id=410"},"modified":"2019-04-21T09:13:02","modified_gmt":"2019-04-21T09:13:02","slug":"symposiums","status":"publish","type":"page","link":"https:\/\/wndev.xyz\/lea\/symposiums\/","title":{"rendered":"Colloques"},"content":{"rendered":"<p><div class=\"fusion-fullwidth fullwidth-box fusion-builder-row-1 fusion-flex-container nonhundred-percent-fullwidth non-hundred-percent-height-scrolling\" style=\"--awb-border-radius-top-left:0px;--awb-border-radius-top-right:0px;--awb-border-radius-bottom-right:0px;--awb-border-radius-bottom-left:0px;--awb-padding-top:7%;--awb-padding-right:5%;--awb-padding-bottom:5%;--awb-padding-left:5%;--awb-margin-top:0%;--awb-margin-bottom:0%;--awb-background-color:#ffef00;--awb-flex-wrap:wrap;\" ><div class=\"fusion-builder-row fusion-row fusion-flex-align-items-flex-start fusion-flex-content-wrap\" style=\"max-width:calc( 100% + 0px );margin-left: calc(-0px \/ 2 );margin-right: calc(-0px \/ 2 );\"><div class=\"fusion-layout-column fusion_builder_column fusion-builder-column-0 fusion_builder_column_1_1 1_1 fusion-flex-column\" style=\"--awb-bg-size:cover;--awb-width-large:100%;--awb-margin-top-large:0px;--awb-spacing-right-large:0px;--awb-margin-bottom-large:0px;--awb-spacing-left-large:0px;--awb-width-medium:100%;--awb-spacing-right-medium:0px;--awb-spacing-left-medium:0px;--awb-width-small:100%;--awb-spacing-right-small:0px;--awb-spacing-left-small:0px;\"><div class=\"fusion-column-wrapper fusion-flex-justify-content-flex-start fusion-content-layout-column\"><div class=\"fusion-title title fusion-title-1 fusion-sep-none fusion-title-center fusion-title-text fusion-title-size-one\"><h1 class=\"fusion-title-heading title-heading-center fusion-responsive-typography-calculated\" style=\"margin:0;--fontSize:34;line-height:1.4;\"><h1 style=\"text-align: center;\">Colloques<\/h1><\/h1><\/div><\/div><\/div><\/div><\/div><div class=\"fusion-fullwidth fullwidth-box fusion-builder-row-2 fusion-flex-container nonhundred-percent-fullwidth non-hundred-percent-height-scrolling\" style=\"--awb-border-radius-top-left:0px;--awb-border-radius-top-right:0px;--awb-border-radius-bottom-right:0px;--awb-border-radius-bottom-left:0px;--awb-padding-top:2%;--awb-padding-right:2%;--awb-padding-bottom:2%;--awb-padding-left:2%;--awb-margin-top:0px;--awb-margin-bottom:0px;--awb-flex-wrap:wrap;\" ><div class=\"fusion-builder-row fusion-row fusion-flex-align-items-flex-start fusion-flex-content-wrap\" style=\"max-width:calc( 100% + 0px );margin-left: calc(-0px \/ 2 );margin-right: calc(-0px \/ 2 );\"><div class=\"fusion-layout-column fusion_builder_column fusion-builder-column-1 fusion_builder_column_1_1 1_1 fusion-flex-column\" style=\"--awb-bg-size:cover;--awb-width-large:100%;--awb-margin-top-large:0px;--awb-spacing-right-large:0px;--awb-margin-bottom-large:0px;--awb-spacing-left-large:0px;--awb-width-medium:100%;--awb-spacing-right-medium:0px;--awb-spacing-left-medium:0px;--awb-width-small:100%;--awb-spacing-right-small:0px;--awb-spacing-left-small:0px;\"><div class=\"fusion-column-wrapper fusion-flex-justify-content-flex-start fusion-content-layout-column\"><div class=\"fusion-blog-shortcode fusion-blog-shortcode-1 fusion-blog-archive fusion-blog-layout-grid-wrapper fusion-blog-pagination\" style=\"--grid_separator_color:rgba(255,255,255,0);\"><style type=\"text\/css\">.fusion-blog-shortcode-1 .fusion-blog-layout-grid .fusion-post-grid{padding:10px;}.fusion-blog-shortcode-1 .fusion-posts-container{margin-left: -10px !important; margin-right:-10px !important;}<\/style><div class=\"fusion-posts-container fusion-posts-container-pagination fusion-blog-rollover fusion-blog-layout-grid fusion-blog-layout-grid-5 isotope fusion-blog-equal-heights\" data-pages=\"2\" data-grid-col-space=\"20\" style=\"margin: -10px -10px 0;min-height:500px;\"><article id=\"blog-1-post-2276\" class=\"fusion-post-grid post-2276 post type-post status-publish format-standard hentry category-actualites category-colloques\">\n<div class=\"fusion-post-wrapper\" style=\"background-color:rgba(245,245,245,1);border:1px solid #ffffff;border-bottom-width:3px;\">\n\n<div class=\"fusion-post-content-wrapper\" style=\"padding:3% 3% 3% 3%;\"><div class=\"fusion-post-content post-content\"><h2 class=\"blog-shortcode-post-title entry-title\"><a href=\"https:\/\/wndev.xyz\/lea\/lire-intervenir-ecrire-sur-loperation-de-lecture-aujourdhui\/\">Lire, intervenir, \u00c9crire. Sur l&#8217;op\u00e9ration de lecture aujourd&#8217;hui<\/a><\/h2><p class=\"fusion-single-line-meta\">By <span class=\"vcard\"><span class=\"fn\"><a href=\"https:\/\/wndev.xyz\/lea\/author\/pzawieja\/\" title=\"Posts by Philippe Zawieja\" rel=\"author\">Philippe Zawieja<\/a><\/span><\/span><span class=\"fusion-inline-sep\">|<\/span><span class=\"updated\" style=\"display:none;\">2024-07-12T13:38:16+00:00<\/span><span>June, 2024<\/span><span class=\"fusion-inline-sep\">|<\/span><\/p><div class=\"fusion-content-sep sep-none\"><\/div><div class=\"fusion-post-content-container\"><p>Lire, intervenir, \u00c9crire. Sur l'op\u00e9ration de lecture aujourd'hui Colloque organis\u00e9 [...]<\/p><\/div><\/div><\/div><div class=\"fusion-clearfix\"><\/div><\/div>\n<\/article>\n<article id=\"blog-1-post-2089\" class=\"fusion-post-grid post-2089 post type-post status-publish format-standard hentry category-actualites category-colloques\">\n<div class=\"fusion-post-wrapper\" style=\"background-color:rgba(245,245,245,1);border:1px solid #ffffff;border-bottom-width:3px;\">\n\n<div class=\"fusion-post-content-wrapper\" style=\"padding:3% 3% 3% 3%;\"><div class=\"fusion-post-content post-content\"><h2 class=\"blog-shortcode-post-title entry-title\"><a href=\"https:\/\/wndev.xyz\/lea\/colloque-spectres-de-dostoievski-20-22-octobre-2021-strasbourg-2\/\">Colloque Spectres de Dosto\u00efevski | 20-22 octobre 2021 | Strasbourg<\/a><\/h2><p class=\"fusion-single-line-meta\">By <span class=\"vcard\"><span class=\"fn\"><a href=\"https:\/\/wndev.xyz\/lea\/author\/admin\/\" title=\"Posts by Groupe L\u00c9A!\" rel=\"author\">Groupe L\u00c9A!<\/a><\/span><\/span><span class=\"fusion-inline-sep\">|<\/span><span class=\"updated\" style=\"display:none;\">2021-10-21T08:58:47+00:00<\/span><span>October, 2021<\/span><span class=\"fusion-inline-sep\">|<\/span><\/p><div class=\"fusion-content-sep sep-none\"><\/div><div class=\"fusion-post-content-container\"><p>Colloque International Spectres de Dosto\u00efevski 20-22 octobre 2021 Amphith\u00e9\u00e2tre du [...]<\/p><\/div><\/div><\/div><div class=\"fusion-clearfix\"><\/div><\/div>\n<\/article>\n<article id=\"blog-1-post-2046\" class=\"fusion-post-grid post-2046 post type-post status-publish format-standard hentry category-actualites category-colloques\">\n<div class=\"fusion-post-wrapper\" style=\"background-color:rgba(245,245,245,1);border:1px solid #ffffff;border-bottom-width:3px;\">\n\n<div class=\"fusion-post-content-wrapper\" style=\"padding:3% 3% 3% 3%;\"><div class=\"fusion-post-content post-content\"><h2 class=\"blog-shortcode-post-title entry-title\"><a href=\"https:\/\/wndev.xyz\/lea\/12eme-congres-international-iawis-aierti-12-16-juillet-2021\/\">12\u00e8me congr\u00e8s international IAWIS\/AIERTI, 12-16 juillet 2021<\/a><\/h2><p class=\"fusion-single-line-meta\">By <span class=\"vcard\"><span class=\"fn\"><a href=\"https:\/\/wndev.xyz\/lea\/author\/admin\/\" title=\"Posts by Groupe L\u00c9A!\" rel=\"author\">Groupe L\u00c9A!<\/a><\/span><\/span><span class=\"fusion-inline-sep\">|<\/span><span class=\"updated\" style=\"display:none;\">2021-05-24T11:18:02+00:00<\/span><span>May, 2021<\/span><span class=\"fusion-inline-sep\">|<\/span><\/p><div class=\"fusion-content-sep sep-none\"><\/div><div class=\"fusion-post-content-container\"><p>L\u2019eau et la mer dans les textes et les images [...]<\/p><\/div><\/div><\/div><div class=\"fusion-clearfix\"><\/div><\/div>\n<\/article>\n<article id=\"blog-1-post-1939\" class=\"fusion-post-grid post-1939 post type-post status-publish format-standard hentry category-actualites category-autres-annonces category-colloques category-projet-lea\">\n<div class=\"fusion-post-wrapper\" style=\"background-color:rgba(245,245,245,1);border:1px solid #ffffff;border-bottom-width:3px;\">\n\n<div class=\"fusion-post-content-wrapper\" style=\"padding:3% 3% 3% 3%;\"><div class=\"fusion-post-content post-content\"><h2 class=\"blog-shortcode-post-title entry-title\"><a href=\"https:\/\/wndev.xyz\/lea\/evenement-multiplicateur-en-ligne-workshop-et-formation-continue-26-27-octobre-2020-universite-catholique-pazmany-peter-budapest\/\">\u00c9v\u00e9nement multiplicateur en ligne \u2013 Workshop et formation continue | 26-27 octobre 2020 Universit\u00e9 catholique P\u00e1zm\u00e1ny P\u00e9ter Budapest<\/a><\/h2><p class=\"fusion-single-line-meta\">By <span class=\"vcard\"><span class=\"fn\"><a href=\"https:\/\/wndev.xyz\/lea\/author\/admin\/\" title=\"Posts by Groupe L\u00c9A!\" rel=\"author\">Groupe L\u00c9A!<\/a><\/span><\/span><span class=\"fusion-inline-sep\">|<\/span><span class=\"updated\" style=\"display:none;\">2020-10-02T20:46:08+00:00<\/span><span>September, 2020<\/span><span class=\"fusion-inline-sep\">|<\/span><\/p><div class=\"fusion-content-sep sep-none\"><\/div><div class=\"fusion-post-content-container\"><p>Lire et \u00e9crire des textes litt\u00e9raires \u00e0 l\u2019\u00e9poque des humanit\u00e9s [...]<\/p><\/div><\/div><\/div><div class=\"fusion-clearfix\"><\/div><\/div>\n<\/article>\n<article id=\"blog-1-post-1782\" class=\"fusion-post-grid post-1782 post type-post status-publish format-standard hentry category-actualites category-autres-annonces category-colloques\">\n<div class=\"fusion-post-wrapper\" style=\"background-color:rgba(245,245,245,1);border:1px solid #ffffff;border-bottom-width:3px;\">\n\n<div class=\"fusion-post-content-wrapper\" style=\"padding:3% 3% 3% 3%;\"><div class=\"fusion-post-content post-content\"><h2 class=\"blog-shortcode-post-title entry-title\"><a href=\"https:\/\/wndev.xyz\/lea\/plaisirs-de-lire-e-etats-de-lart-porto-15-19-juillet-2020-2\/\">Plaisirs de lire : \u00e9\/Etats de l\u2019art, Porto,  17-18- 19 septembre 2020<\/a><\/h2><p class=\"fusion-single-line-meta\">By <span class=\"vcard\"><span class=\"fn\"><a href=\"https:\/\/wndev.xyz\/lea\/author\/admin\/\" title=\"Posts by Groupe L\u00c9A!\" rel=\"author\">Groupe L\u00c9A!<\/a><\/span><\/span><span class=\"fusion-inline-sep\">|<\/span><span class=\"updated\" style=\"display:none;\">2020-11-09T18:50:44+00:00<\/span><span>August, 2020<\/span><span class=\"fusion-inline-sep\">|<\/span><\/p><div class=\"fusion-content-sep sep-none\"><\/div><div class=\"fusion-post-content-container\"><p>    Plaisirs de lire\u00a0: \u00e9\/Etats de l\u2019art [...]<\/p><\/div><\/div><\/div><div class=\"fusion-clearfix\"><\/div><\/div>\n<\/article>\n<article id=\"blog-1-post-1332\" class=\"fusion-post-grid post-1332 post type-post status-publish format-standard hentry category-actualites category-colloques category-projet-lea\">\n<div class=\"fusion-post-wrapper\" style=\"background-color:rgba(245,245,245,1);border:1px solid #ffffff;border-bottom-width:3px;\">\n\n<div class=\"fusion-post-content-wrapper\" style=\"padding:3% 3% 3% 3%;\"><div class=\"fusion-post-content post-content\"><h2 class=\"blog-shortcode-post-title entry-title\"><a href=\"https:\/\/wndev.xyz\/lea\/urbi-et-orbi-lire-les-villes-vivre-en-litterature-universite-daveiro-16-20-octobre\/\">Urbi et orbi. Lire les villes, vivre en litt\u00e9rature, Universit\u00e9 d\u2019Aveiro, 16-20 octobre 2019<\/a><\/h2><p class=\"fusion-single-line-meta\">By <span class=\"vcard\"><span class=\"fn\"><a href=\"https:\/\/wndev.xyz\/lea\/author\/admin\/\" title=\"Posts by Groupe L\u00c9A!\" rel=\"author\">Groupe L\u00c9A!<\/a><\/span><\/span><span class=\"fusion-inline-sep\">|<\/span><span class=\"updated\" style=\"display:none;\">2019-10-08T21:20:17+00:00<\/span><span>September, 2019<\/span><span class=\"fusion-inline-sep\">|<\/span><\/p><div class=\"fusion-content-sep sep-none\"><\/div><div class=\"fusion-post-content-container\"><p> Workshop LEA 2019 \u2013 Universit\u00e9 d\u2019Aveiro Parmi les \u00ab [...]<\/p><\/div><\/div><\/div><div class=\"fusion-clearfix\"><\/div><\/div>\n<\/article>\n<article id=\"blog-1-post-415\" class=\"fusion-post-grid post-415 post type-post status-publish format-standard hentry category-actualites category-colloques category-projet-lea\">\n<div class=\"fusion-post-wrapper\" style=\"background-color:rgba(245,245,245,1);border:1px solid #ffffff;border-bottom-width:3px;\">\n\n<div class=\"fusion-post-content-wrapper\" style=\"padding:3% 3% 3% 3%;\"><div class=\"fusion-post-content post-content\"><h2 class=\"blog-shortcode-post-title entry-title\"><a href=\"https:\/\/wndev.xyz\/lea\/antwerp-digital-days-journees-numeriques-anversoises-10-14-decembre-2018-2\/\">Antwerp Digital Days\/ Journ\u00e9es num\u00e9riques anversoises, Universit\u00e9 d\u2019Anvers, 2018<\/a><\/h2><p class=\"fusion-single-line-meta\">By <span class=\"vcard\"><span class=\"fn\"><a href=\"https:\/\/wndev.xyz\/lea\/author\/admin\/\" title=\"Posts by Groupe L\u00c9A!\" rel=\"author\">Groupe L\u00c9A!<\/a><\/span><\/span><span class=\"fusion-inline-sep\">|<\/span><span class=\"updated\" style=\"display:none;\">2019-04-24T06:58:14+00:00<\/span><span>November, 2018<\/span><span class=\"fusion-inline-sep\">|<\/span><\/p><div class=\"fusion-content-sep sep-none\"><\/div><div class=\"fusion-post-content-container\"><p>Antwerp Digital Days\/ Journ\u00e9es num\u00e9riques anversoises Universit\u00e9 d\u2019Anvers, Stadscampus 10-14 [...]<\/p><\/div><\/div><\/div><div class=\"fusion-clearfix\"><\/div><\/div>\n<\/article>\n<article id=\"blog-1-post-1143\" class=\"fusion-post-grid post-1143 post type-post status-publish format-standard hentry category-colloques category-projet-lea\">\n<div class=\"fusion-post-wrapper\" style=\"background-color:rgba(245,245,245,1);border:1px solid #ffffff;border-bottom-width:3px;\">\n\n<div class=\"fusion-post-content-wrapper\" style=\"padding:3% 3% 3% 3%;\"><div class=\"fusion-post-content post-content\"><h2 class=\"blog-shortcode-post-title entry-title\"><a href=\"https:\/\/wndev.xyz\/lea\/conference-franc-schuerewegen-franco-moretti-vs-michel-charles-ou-les-paradoxes-de-la-distance\/\">Conf\u00e9rence Franc Schuerewegen: Franco Moretti vs Michel Charles ou les paradoxes de la distance | Universit\u00e9 d&#8217;Anvers, 12 d\u00e9cembre 2018<\/a><\/h2><p class=\"fusion-single-line-meta\">By <span class=\"vcard\"><span class=\"fn\"><a href=\"https:\/\/wndev.xyz\/lea\/author\/admin\/\" title=\"Posts by Groupe L\u00c9A!\" rel=\"author\">Groupe L\u00c9A!<\/a><\/span><\/span><span class=\"fusion-inline-sep\">|<\/span><span class=\"updated\" style=\"display:none;\">2019-04-21T09:22:30+00:00<\/span><span>November, 2018<\/span><span class=\"fusion-inline-sep\">|<\/span><\/p><div class=\"fusion-content-sep sep-none\"><\/div><div class=\"fusion-post-content-container\"><p>Franco Moretti vs Michel Charles ou les paradoxes de la [...]<\/p><\/div><\/div><\/div><div class=\"fusion-clearfix\"><\/div><\/div>\n<\/article>\n<article id=\"blog-1-post-876\" class=\"fusion-post-grid post-876 post type-post status-publish format-standard hentry category-colloques\">\n<div class=\"fusion-post-wrapper\" style=\"background-color:rgba(245,245,245,1);border:1px solid #ffffff;border-bottom-width:3px;\">\n\n<div class=\"fusion-post-content-wrapper\" style=\"padding:3% 3% 3% 3%;\"><div class=\"fusion-post-content post-content\"><h2 class=\"blog-shortcode-post-title entry-title\"><a href=\"https:\/\/wndev.xyz\/lea\/la-lecture-litteraire-dans-tous-ses-etats-rencontres-internationales-de-reims\/\">La lecture litt\u00e9raire dans tous ses \u00e9tats, Rencontres internationales de Reims<\/a><\/h2><p class=\"fusion-single-line-meta\">By <span class=\"vcard\"><span class=\"fn\"><a href=\"https:\/\/wndev.xyz\/lea\/author\/admin\/\" title=\"Posts by Groupe L\u00c9A!\" rel=\"author\">Groupe L\u00c9A!<\/a><\/span><\/span><span class=\"fusion-inline-sep\">|<\/span><span class=\"updated\" style=\"display:none;\">2019-05-28T18:43:26+00:00<\/span><span>May, 2018<\/span><span class=\"fusion-inline-sep\">|<\/span><\/p><div class=\"fusion-content-sep sep-none\"><\/div><div class=\"fusion-post-content-container\"><p>Rencontres internationales de Reims La\u00a0lecture litt\u00e9raire\u00a0dans tous ses \u00e9tats \u00a028 [...]<\/p><\/div><\/div><\/div><div class=\"fusion-clearfix\"><\/div><\/div>\n<\/article>\n<div class=\"fusion-clearfix\"><\/div><\/div><div class=\"pagination clearfix\"><span class=\"current\">1<\/span><a href=\"https:\/\/wndev.xyz\/lea\/wp-json\/wp\/v2\/pages\/410\/page\/2\/\" class=\"inactive\">2<\/a><a class=\"pagination-next\" rel=\"next\" href=\"https:\/\/wndev.xyz\/lea\/wp-json\/wp\/v2\/pages\/410\/page\/2\/\"><span class=\"page-text\">Next<\/span><span class=\"page-next\"><\/span><\/a><\/div><div class=\"fusion-clearfix\"><\/div><\/div><\/div><\/div><\/div><\/div><\/p>\n","protected":false},"excerpt":{"rendered":"","protected":false},"author":1,"featured_media":0,"parent":0,"menu_order":0,"comment_status":"closed","ping_status":"closed","template":"","meta":{"footnotes":""},"class_list":["post-410","page","type-page","status-publish","hentry"],"_links":{"self":[{"href":"https:\/\/wndev.xyz\/lea\/wp-json\/wp\/v2\/pages\/410","targetHints":{"allow":["GET"]}}],"collection":[{"href":"https:\/\/wndev.xyz\/lea\/wp-json\/wp\/v2\/pages"}],"about":[{"href":"https:\/\/wndev.xyz\/lea\/wp-json\/wp\/v2\/types\/page"}],"author":[{"embeddable":true,"href":"https:\/\/wndev.xyz\/lea\/wp-json\/wp\/v2\/users\/1"}],"replies":[{"embeddable":true,"href":"https:\/\/wndev.xyz\/lea\/wp-json\/wp\/v2\/comments?post=410"}],"version-history":[{"count":6,"href":"https:\/\/wndev.xyz\/lea\/wp-json\/wp\/v2\/pages\/410\/revisions"}],"predecessor-version":[{"id":1452,"href":"https:\/\/wndev.xyz\/lea\/wp-json\/wp\/v2\/pages\/410\/revisions\/1452"}],"wp:attachment":[{"href":"https:\/\/wndev.xyz\/lea\/wp-json\/wp\/v2\/media?parent=410"}],"curies":[{"name":"wp","href":"https:\/\/api.w.org\/{rel}","templated":true}]}}