{"id":435,"date":"2018-08-24T10:14:42","date_gmt":"2018-08-24T10:14:42","guid":{"rendered":"https:\/\/wndev.xyz\/lea\/?page_id=435"},"modified":"2018-11-08T17:23:48","modified_gmt":"2018-11-08T17:23:48","slug":"actualites","status":"publish","type":"page","link":"https:\/\/wndev.xyz\/lea\/actualites\/","title":{"rendered":"Annonces"},"content":{"rendered":"<p><div class=\"fusion-fullwidth fullwidth-box fusion-builder-row-1 fusion-flex-container nonhundred-percent-fullwidth non-hundred-percent-height-scrolling\" style=\"--awb-border-radius-top-left:0px;--awb-border-radius-top-right:0px;--awb-border-radius-bottom-right:0px;--awb-border-radius-bottom-left:0px;--awb-padding-top:7%;--awb-padding-right:5%;--awb-padding-bottom:5%;--awb-padding-left:5%;--awb-margin-top:0%;--awb-margin-bottom:0%;--awb-background-color:#ffef00;--awb-flex-wrap:wrap;\" ><div class=\"fusion-builder-row fusion-row fusion-flex-align-items-flex-start fusion-flex-content-wrap\" style=\"max-width:calc( 100% + 0px );margin-left: calc(-0px \/ 2 );margin-right: calc(-0px \/ 2 );\"><div class=\"fusion-layout-column fusion_builder_column fusion-builder-column-0 fusion_builder_column_1_1 1_1 fusion-flex-column\" style=\"--awb-bg-size:cover;--awb-width-large:100%;--awb-margin-top-large:0px;--awb-spacing-right-large:0px;--awb-margin-bottom-large:0px;--awb-spacing-left-large:0px;--awb-width-medium:100%;--awb-spacing-right-medium:0px;--awb-spacing-left-medium:0px;--awb-width-small:100%;--awb-spacing-right-small:0px;--awb-spacing-left-small:0px;\"><div class=\"fusion-column-wrapper fusion-flex-justify-content-flex-start fusion-content-layout-column\"><div class=\"fusion-title title fusion-title-1 fusion-sep-none fusion-title-center fusion-title-text fusion-title-size-one\"><h1 class=\"fusion-title-heading title-heading-center fusion-responsive-typography-calculated\" style=\"margin:0;--fontSize:34;line-height:1.4;\">Annonces<\/h1><\/div><\/div><\/div><\/div><\/div><div class=\"fusion-fullwidth fullwidth-box fusion-builder-row-2 fusion-flex-container nonhundred-percent-fullwidth non-hundred-percent-height-scrolling\" style=\"--awb-border-radius-top-left:0px;--awb-border-radius-top-right:0px;--awb-border-radius-bottom-right:0px;--awb-border-radius-bottom-left:0px;--awb-padding-top:12%;--awb-padding-right:15%;--awb-padding-bottom:12%;--awb-padding-left:15%;--awb-margin-top:0px;--awb-margin-bottom:0px;--awb-flex-wrap:wrap;\" ><div class=\"fusion-builder-row fusion-row fusion-flex-align-items-flex-start fusion-flex-content-wrap\" style=\"max-width:calc( 100% + 0px );margin-left: calc(-0px \/ 2 );margin-right: calc(-0px \/ 2 );\"><div class=\"fusion-layout-column fusion_builder_column fusion-builder-column-1 fusion_builder_column_1_1 1_1 fusion-flex-column\" style=\"--awb-bg-size:cover;--awb-width-large:100%;--awb-margin-top-large:0px;--awb-spacing-right-large:0px;--awb-margin-bottom-large:0px;--awb-spacing-left-large:0px;--awb-width-medium:100%;--awb-spacing-right-medium:0px;--awb-spacing-left-medium:0px;--awb-width-small:100%;--awb-spacing-right-small:0px;--awb-spacing-left-small:0px;\"><div class=\"fusion-column-wrapper fusion-flex-justify-content-flex-start fusion-content-layout-column\"><div class=\"fusion-blog-shortcode fusion-blog-shortcode-1 fusion-blog-archive fusion-blog-layout-medium fusion-blog-pagination fusion-blog-no-images\" style=\"--grid_separator_color:rgba(255,255,255,0);\"><div class=\"fusion-posts-container fusion-posts-container-pagination\" data-pages=\"3\"><article id=\"blog-1-post-2278\" class=\"fusion-post-medium post-2278 post type-post status-publish format-standard hentry category-actualites category-projet-lea category-publications-en category-publications\">\n<div class=\"fusion-post-content post-content\"><h2 class=\"blog-shortcode-post-title entry-title\"><a href=\"https:\/\/wndev.xyz\/lea\/communautes-interpretatives\/\">Communaut\u00e9s interpr\u00e9tatives<\/a><\/h2><div class=\"fusion-post-content-container\"><p>\u00a0 Ce volume interroge les conditions de l\u2019interpr\u00e9tation des textes litt\u00e9raires, \u00e0 la lumi\u00e8re des propositions de Stanley Fish sur\u00a0L\u2019autorit\u00e9 des communaut\u00e9s interpr\u00e9tatives\u00a0(1980): leurs pr\u00e9suppos\u00e9s, leurs comp\u00e9tences et croyances, conditionnent l\u2019activit\u00e9 herm\u00e9neutique, interrog\u00e9e ici par des sp\u00e9cialistes de litt\u00e9rature fran\u00e7aise, espagnole ou compar\u00e9e. R\u00e9fl\u00e9chir au fonctionnement concret [...]<\/p><\/div><\/div><div class=\"fusion-clearfix\"><\/div><div class=\"fusion-meta-info\"><div class=\"fusion-alignleft\">By <span class=\"vcard\"><span class=\"fn\"><a href=\"https:\/\/wndev.xyz\/lea\/author\/pzawieja\/\" title=\"Posts by Philippe Zawieja\" rel=\"author\">Philippe Zawieja<\/a><\/span><\/span><span class=\"fusion-inline-sep\">|<\/span><span class=\"updated\" style=\"display:none;\">2024-06-18T10:55:40+00:00<\/span><span>June, 2024<\/span><span class=\"fusion-inline-sep\">|<\/span>Categories: <a href=\"https:\/\/wndev.xyz\/lea\/category\/projet-lea\/actualites\/\" rel=\"category tag\">Actualites<\/a>, <a href=\"https:\/\/wndev.xyz\/lea\/category\/projet-lea\/\" rel=\"category tag\">Projet Lea<\/a>, <a href=\"https:\/\/wndev.xyz\/lea\/category\/lea-project\/publications-en\/\" rel=\"category tag\">Publications<\/a>, <a href=\"https:\/\/wndev.xyz\/lea\/category\/projet-lea\/publications\/\" rel=\"category tag\">Publications<\/a><span class=\"fusion-inline-sep\">|<\/span><\/div><\/div><\/article>\n<article id=\"blog-1-post-2276\" class=\"fusion-post-medium post-2276 post type-post status-publish format-standard hentry category-actualites category-colloques\">\n<div class=\"fusion-post-content post-content\"><h2 class=\"blog-shortcode-post-title entry-title\"><a href=\"https:\/\/wndev.xyz\/lea\/lire-intervenir-ecrire-sur-loperation-de-lecture-aujourdhui\/\">Lire, intervenir, \u00c9crire. Sur l&#8217;op\u00e9ration de lecture aujourd&#8217;hui<\/a><\/h2><div class=\"fusion-post-content-container\"><p>Lire, intervenir, \u00c9crire. Sur l'op\u00e9ration de lecture aujourd'hui Colloque organis\u00e9 \u00e0 l'occasion de l'\u00e9m\u00e9ritat de Franc Schuerewegen, les 3 et 4 d\u00e9cembre 2024 Date: les 3 et 4 d\u00e9cembre 2024 Lieu: Universit\u00e9 d\u2019Anvers Couvent Grauwzusters Adresse: Lange-Sint Annastraat 7, Anvers La lecture sera \u00e9crivante ou ne sera [...]<\/p><\/div><\/div><div class=\"fusion-clearfix\"><\/div><div class=\"fusion-meta-info\"><div class=\"fusion-alignleft\">By <span class=\"vcard\"><span class=\"fn\"><a href=\"https:\/\/wndev.xyz\/lea\/author\/pzawieja\/\" title=\"Posts by Philippe Zawieja\" rel=\"author\">Philippe Zawieja<\/a><\/span><\/span><span class=\"fusion-inline-sep\">|<\/span><span class=\"updated\" style=\"display:none;\">2024-07-12T13:38:16+00:00<\/span><span>June, 2024<\/span><span class=\"fusion-inline-sep\">|<\/span>Categories: <a href=\"https:\/\/wndev.xyz\/lea\/category\/projet-lea\/actualites\/\" rel=\"category tag\">Actualites<\/a>, <a href=\"https:\/\/wndev.xyz\/lea\/category\/projet-lea\/colloques\/\" rel=\"category tag\">Colloques<\/a><span class=\"fusion-inline-sep\">|<\/span><\/div><\/div><\/article>\n<article id=\"blog-1-post-2258\" class=\"fusion-post-medium post-2258 post type-post status-publish format-standard hentry category-actualites category-projet-lea category-publications\">\n<div class=\"fusion-post-content post-content\"><h2 class=\"blog-shortcode-post-title entry-title\"><a href=\"https:\/\/wndev.xyz\/lea\/erasmus-lea-reading-communities-shaping-identities-ref-2023-1-pt01-ka220-hed-000158582\/\">Erasmus + LEA ! Reading Communities, Shaping Identities (REF. 2023-1-PT01-KA220-HED-000158582)<\/a><\/h2><div class=\"fusion-post-content-container\"><p>Notre premi\u00e8re activit\u00e9 dans le cadre du nouveau projet Erasmus + LEA\u00a0!\u00a0Reading\u00a0Communities, Shaping Identities\u00a0(REF. 2023-1-PT01-KA220-HED-000158582)\u00a0aura lieu \u00e0 l\u2019Universit\u00e9 catholique P\u00e1zm\u00e1ny P\u00e9ter de Budapest du 13 au 20 juillet 2024. Ce Programme intensif accueillera des \u00e9tudiants en master et des doctorants venant des universit\u00e9s partenaires du projet. Nous [...]<\/p><\/div><\/div><div class=\"fusion-clearfix\"><\/div><div class=\"fusion-meta-info\"><div class=\"fusion-alignleft\">By <span class=\"vcard\"><span class=\"fn\"><a href=\"https:\/\/wndev.xyz\/lea\/author\/pzawieja\/\" title=\"Posts by Philippe Zawieja\" rel=\"author\">Philippe Zawieja<\/a><\/span><\/span><span class=\"fusion-inline-sep\">|<\/span><span class=\"updated\" style=\"display:none;\">2024-03-05T12:06:26+00:00<\/span><span>March, 2024<\/span><span class=\"fusion-inline-sep\">|<\/span>Categories: <a href=\"https:\/\/wndev.xyz\/lea\/category\/projet-lea\/actualites\/\" rel=\"category tag\">Actualites<\/a>, <a href=\"https:\/\/wndev.xyz\/lea\/category\/projet-lea\/\" rel=\"category tag\">Projet Lea<\/a>, <a href=\"https:\/\/wndev.xyz\/lea\/category\/projet-lea\/publications\/\" rel=\"category tag\">Publications<\/a><span class=\"fusion-inline-sep\">|<\/span><\/div><\/div><\/article>\n<article id=\"blog-1-post-2250\" class=\"fusion-post-medium post-2250 post type-post status-publish format-standard hentry category-actualites category-projet-lea category-publications\">\n<div class=\"fusion-post-content post-content\"><h2 class=\"blog-shortcode-post-title entry-title\"><a href=\"https:\/\/wndev.xyz\/lea\/comparer-ou-inventer-chemins-de-passage\/\">Comparer ou inventer? Chemins de passage<\/a><\/h2><div class=\"fusion-post-content-container\"><p>Pr\u00e9sentation Cette \u00e9dition de mai 2023 de Carnets, revue \u00e9lectronique d'\u00e9tudes fran\u00e7aises, explore les relations parfois \u00e8troites\u00a0entre les d\u00e9marches de comparaison et d'invention. Intitul\u00e9 \u00ab Comparer ou inventer ? Chemins de passage \u00bb, le dossier rassemble treize contributions qui confrontent la discipline des \u00ab litt\u00e9ratures compar\u00e9es \u00bb [...]<\/p><\/div><\/div><div class=\"fusion-clearfix\"><\/div><div class=\"fusion-meta-info\"><div class=\"fusion-alignleft\">By <span class=\"vcard\"><span class=\"fn\"><a href=\"https:\/\/wndev.xyz\/lea\/author\/pzawieja\/\" title=\"Posts by Philippe Zawieja\" rel=\"author\">Philippe Zawieja<\/a><\/span><\/span><span class=\"fusion-inline-sep\">|<\/span><span class=\"updated\" style=\"display:none;\">2024-01-23T15:55:54+00:00<\/span><span>January, 2024<\/span><span class=\"fusion-inline-sep\">|<\/span>Categories: <a href=\"https:\/\/wndev.xyz\/lea\/category\/projet-lea\/actualites\/\" rel=\"category tag\">Actualites<\/a>, <a href=\"https:\/\/wndev.xyz\/lea\/category\/projet-lea\/\" rel=\"category tag\">Projet Lea<\/a>, <a href=\"https:\/\/wndev.xyz\/lea\/category\/projet-lea\/publications\/\" rel=\"category tag\">Publications<\/a><span class=\"fusion-inline-sep\">|<\/span><\/div><\/div><\/article>\n<article id=\"blog-1-post-2128\" class=\"fusion-post-medium post-2128 post type-post status-publish format-standard hentry category-actualites category-autres-annonces category-non-classe\">\n<div class=\"fusion-post-content post-content\"><h2 class=\"blog-shortcode-post-title entry-title\"><a href=\"https:\/\/wndev.xyz\/lea\/litterature-comparee-et-textes-possibles\/\">Litt\u00e9rature compar\u00e9e et textes possibles, Conf\u00e9rence, 1 &#038; 2 d\u00e9cembre \u00a02022<\/a><\/h2><div class=\"fusion-post-content-container\"><p>Litt\u00e9rature compar\u00e9e et textes possibles \u200bL\u2019id\u00e9e de d\u00e9part est que le \u00ab\u00a0comparatiste\u00a0\u00bb, m\u00eame s\u2019il ne le dit pas toujours en ces termes, m\u00eame s\u2019il pr\u00e9f\u00e8re parler, se servant d\u2019un vocabulaire plus ancien, de \u00ab\u00a0parall\u00e8les\u00a0\u00bb et de \u00ab\u00a0faits comparatistes\u00a0\u00bb (qu\u2019est-ce qu\u2019un fait\u00a0? vaste question\u2026), est aussi, et d\u2019abord, [...]<\/p><\/div><\/div><div class=\"fusion-clearfix\"><\/div><div class=\"fusion-meta-info\"><div class=\"fusion-alignleft\">By <span class=\"vcard\"><span class=\"fn\"><a href=\"https:\/\/wndev.xyz\/lea\/author\/admin\/\" title=\"Posts by Groupe L\u00c9A!\" rel=\"author\">Groupe L\u00c9A!<\/a><\/span><\/span><span class=\"fusion-inline-sep\">|<\/span><span class=\"updated\" style=\"display:none;\">2022-12-19T16:23:10+00:00<\/span><span>August, 2022<\/span><span class=\"fusion-inline-sep\">|<\/span>Categories: <a href=\"https:\/\/wndev.xyz\/lea\/category\/projet-lea\/actualites\/\" rel=\"category tag\">Actualites<\/a>, <a href=\"https:\/\/wndev.xyz\/lea\/category\/autres-annonces\/\" rel=\"category tag\">Autres Annonces<\/a>, <a href=\"https:\/\/wndev.xyz\/lea\/category\/non-classe\/\" rel=\"category tag\">Non class\u00e9<\/a><span class=\"fusion-inline-sep\">|<\/span><\/div><\/div><\/article>\n<article id=\"blog-1-post-2089\" class=\"fusion-post-medium post-2089 post type-post status-publish format-standard hentry category-actualites category-colloques\">\n<div class=\"fusion-post-content post-content\"><h2 class=\"blog-shortcode-post-title entry-title\"><a href=\"https:\/\/wndev.xyz\/lea\/colloque-spectres-de-dostoievski-20-22-octobre-2021-strasbourg-2\/\">Colloque Spectres de Dosto\u00efevski | 20-22 octobre 2021 | Strasbourg<\/a><\/h2><div class=\"fusion-post-content-container\"><p>Colloque International Spectres de Dosto\u00efevski 20-22 octobre 2021 Amphith\u00e9\u00e2tre du Coll\u00e8ge Doctoral Europ\u00e9en, Strasbourg En ligne sur https:\/\/bbb.unistra.fr\/b\/vic-my1-zze-frp Programme Mercredi 20 octobre 13h30 \u2013 accueil des participants Mot d\u2019accueil de Mme Emilia Koustova, directrice du d\u00e9partement d\u2019\u00e9tudes slaves De M. G\u00e9rard Bellito, secr\u00e9taire g\u00e9n\u00e9ral du Cercle Gutenberg, [...]<\/p><\/div><\/div><div class=\"fusion-clearfix\"><\/div><div class=\"fusion-meta-info\"><div class=\"fusion-alignleft\">By <span class=\"vcard\"><span class=\"fn\"><a href=\"https:\/\/wndev.xyz\/lea\/author\/admin\/\" title=\"Posts by Groupe L\u00c9A!\" rel=\"author\">Groupe L\u00c9A!<\/a><\/span><\/span><span class=\"fusion-inline-sep\">|<\/span><span class=\"updated\" style=\"display:none;\">2021-10-21T08:58:47+00:00<\/span><span>October, 2021<\/span><span class=\"fusion-inline-sep\">|<\/span>Categories: <a href=\"https:\/\/wndev.xyz\/lea\/category\/projet-lea\/actualites\/\" rel=\"category tag\">Actualites<\/a>, <a href=\"https:\/\/wndev.xyz\/lea\/category\/projet-lea\/colloques\/\" rel=\"category tag\">Colloques<\/a><span class=\"fusion-inline-sep\">|<\/span><\/div><\/div><\/article>\n<article id=\"blog-1-post-2077\" class=\"fusion-post-medium post-2077 post type-post status-publish format-standard hentry category-actualites category-publications\">\n<div class=\"fusion-post-content post-content\"><h2 class=\"blog-shortcode-post-title entry-title\"><a href=\"https:\/\/wndev.xyz\/lea\/parution-paul-claudel-je-suis-le-contradictoire-2\/\">Parution: Paul Claudel \u00abJe suis le contradictoire\u00bb<\/a><\/h2><div class=\"fusion-post-content-container\"><p>Parution Paul Claudel \u00abJe suis le contradictoire\u00bb Biographie Claude P\u00e9rez \u00c9ditions CERF On ne conna\u00eet pas Claudel. On conna\u00eet une l\u00e9gende, une rumeur, mais on ne conna\u00eet pas Claudel. De sa conversion, on ne conna\u00eet que la parabole fa\u00e7onn\u00e9e par lui et par d\u2019autres; de ses relations [...]<\/p><\/div><\/div><div class=\"fusion-clearfix\"><\/div><div class=\"fusion-meta-info\"><div class=\"fusion-alignleft\">By <span class=\"vcard\"><span class=\"fn\"><a href=\"https:\/\/wndev.xyz\/lea\/author\/admin\/\" title=\"Posts by Groupe L\u00c9A!\" rel=\"author\">Groupe L\u00c9A!<\/a><\/span><\/span><span class=\"fusion-inline-sep\">|<\/span><span class=\"updated\" style=\"display:none;\">2021-10-13T11:48:08+00:00<\/span><span>October, 2021<\/span><span class=\"fusion-inline-sep\">|<\/span>Categories: <a href=\"https:\/\/wndev.xyz\/lea\/category\/projet-lea\/actualites\/\" rel=\"category tag\">Actualites<\/a>, <a href=\"https:\/\/wndev.xyz\/lea\/category\/projet-lea\/publications\/\" rel=\"category tag\">Publications<\/a><span class=\"fusion-inline-sep\">|<\/span><\/div><\/div><\/article>\n<article id=\"blog-1-post-2065\" class=\"fusion-post-medium post-2065 post type-post status-publish format-standard hentry category-actualites category-intensive-programs category-news category-programmes-intensifs\">\n<div class=\"fusion-post-content post-content\"><h2 class=\"blog-shortcode-post-title entry-title\"><a href=\"https:\/\/wndev.xyz\/lea\/universite-dautomne-eur-frapp-lea-lire-en-europe-aujourdhui-2\/\">Universit\u00e9 d\u2019automne EUR FRAPP &#038; L\u00c9A ! Lire en Europe Aujourd\u2019hui<\/a><\/h2><div class=\"fusion-post-content-container\"><p>Universit\u00e9 d\u2019automne EUR FRAPP &amp; L\u00c9A\u00a0! Lire en Europe Aujourd\u2019hui \u00a0\u00ab\u00a0Les communaut\u00e9s interpr\u00e9tatives ou\u00a0dis-moi comment tu lis, et je te dirai qui tu es\u00a0\u00bb Universit\u00e9 Paris Est Cr\u00e9teil, 16-20 novembre 2021 \u00a0 Dis-moi ce que tu lis, et comment tu lis, et je te dirai qui tu [...]<\/p><\/div><\/div><div class=\"fusion-clearfix\"><\/div><div class=\"fusion-meta-info\"><div class=\"fusion-alignleft\">By <span class=\"vcard\"><span class=\"fn\"><a href=\"https:\/\/wndev.xyz\/lea\/author\/admin\/\" title=\"Posts by Groupe L\u00c9A!\" rel=\"author\">Groupe L\u00c9A!<\/a><\/span><\/span><span class=\"fusion-inline-sep\">|<\/span><span class=\"updated\" style=\"display:none;\">2024-03-25T16:10:29+00:00<\/span><span>September, 2021<\/span><span class=\"fusion-inline-sep\">|<\/span>Categories: <a href=\"https:\/\/wndev.xyz\/lea\/category\/projet-lea\/actualites\/\" rel=\"category tag\">Actualites<\/a>, <a href=\"https:\/\/wndev.xyz\/lea\/category\/lea-project\/intensive-programs\/\" rel=\"category tag\">Intensive Programs<\/a>, <a href=\"https:\/\/wndev.xyz\/lea\/category\/lea-project\/news\/\" rel=\"category tag\">News<\/a>, <a href=\"https:\/\/wndev.xyz\/lea\/category\/projet-lea\/programmes-intensifs\/\" rel=\"category tag\">Programmes Intensifs<\/a><span class=\"fusion-inline-sep\">|<\/span><\/div><\/div><\/article>\n<article id=\"blog-1-post-2062\" class=\"fusion-post-medium post-2062 post type-post status-publish format-standard hentry category-actualites category-programmes-intensifs\">\n<div class=\"fusion-post-content post-content\"><h2 class=\"blog-shortcode-post-title entry-title\"><a href=\"https:\/\/wndev.xyz\/lea\/universite-dautomne-eur-frapp-lea-lire-en-europe-aujourdhui\/\">Universit\u00e9 d\u2019automne EUR FRAPP &#038; L\u00c9A ! Lire en Europe Aujourd\u2019hui<\/a><\/h2><div class=\"fusion-post-content-container\"><p>Universit\u00e9 d\u2019automne EUR FRAPP &amp; L\u00c9A\u00a0! Lire en Europe Aujourd\u2019hui \u00a0\u00ab\u00a0Les communaut\u00e9s interpr\u00e9tatives ou\u00a0dis-moi comment tu lis, et je te dirai qui tu es\u00a0\u00bb Universit\u00e9 Paris Est Cr\u00e9teil, 16-20 novembre 2021 Dis-moi ce que tu lis, et comment tu lis, et je te dirai qui tu es. [...]<\/p><\/div><\/div><div class=\"fusion-clearfix\"><\/div><div class=\"fusion-meta-info\"><div class=\"fusion-alignleft\">By <span class=\"vcard\"><span class=\"fn\"><a href=\"https:\/\/wndev.xyz\/lea\/author\/admin\/\" title=\"Posts by Groupe L\u00c9A!\" rel=\"author\">Groupe L\u00c9A!<\/a><\/span><\/span><span class=\"fusion-inline-sep\">|<\/span><span class=\"updated\" style=\"display:none;\">2021-11-12T12:02:33+00:00<\/span><span>September, 2021<\/span><span class=\"fusion-inline-sep\">|<\/span>Categories: <a href=\"https:\/\/wndev.xyz\/lea\/category\/projet-lea\/actualites\/\" rel=\"category tag\">Actualites<\/a>, <a href=\"https:\/\/wndev.xyz\/lea\/category\/projet-lea\/programmes-intensifs\/\" rel=\"category tag\">Programmes Intensifs<\/a><span class=\"fusion-inline-sep\">|<\/span><\/div><\/div><\/article>\n<\/div><div class=\"pagination clearfix\"><span class=\"current\">1<\/span><a href=\"https:\/\/wndev.xyz\/lea\/wp-json\/wp\/v2\/pages\/435\/page\/2\/\" class=\"inactive\">2<\/a><a class=\"pagination-next\" rel=\"next\" href=\"https:\/\/wndev.xyz\/lea\/wp-json\/wp\/v2\/pages\/435\/page\/2\/\"><span class=\"page-text\">Next<\/span><span class=\"page-next\"><\/span><\/a><\/div><div class=\"fusion-clearfix\"><\/div><\/div><\/div><\/div><\/div><\/div><\/p>\n","protected":false},"excerpt":{"rendered":"","protected":false},"author":1,"featured_media":0,"parent":0,"menu_order":0,"comment_status":"closed","ping_status":"closed","template":"","meta":{"footnotes":""},"class_list":["post-435","page","type-page","status-publish","hentry"],"_links":{"self":[{"href":"https:\/\/wndev.xyz\/lea\/wp-json\/wp\/v2\/pages\/435","targetHints":{"allow":["GET"]}}],"collection":[{"href":"https:\/\/wndev.xyz\/lea\/wp-json\/wp\/v2\/pages"}],"about":[{"href":"https:\/\/wndev.xyz\/lea\/wp-json\/wp\/v2\/types\/page"}],"author":[{"embeddable":true,"href":"https:\/\/wndev.xyz\/lea\/wp-json\/wp\/v2\/users\/1"}],"replies":[{"embeddable":true,"href":"https:\/\/wndev.xyz\/lea\/wp-json\/wp\/v2\/comments?post=435"}],"version-history":[{"count":11,"href":"https:\/\/wndev.xyz\/lea\/wp-json\/wp\/v2\/pages\/435\/revisions"}],"predecessor-version":[{"id":1115,"href":"https:\/\/wndev.xyz\/lea\/wp-json\/wp\/v2\/pages\/435\/revisions\/1115"}],"wp:attachment":[{"href":"https:\/\/wndev.xyz\/lea\/wp-json\/wp\/v2\/media?parent=435"}],"curies":[{"name":"wp","href":"https:\/\/api.w.org\/{rel}","templated":true}]}}