{"id":468,"date":"2018-08-24T16:17:39","date_gmt":"2018-08-24T16:17:39","guid":{"rendered":"https:\/\/wndev.xyz\/lea\/?page_id=468"},"modified":"2024-11-07T10:25:29","modified_gmt":"2024-11-07T10:25:29","slug":"publications-2","status":"publish","type":"page","link":"https:\/\/wndev.xyz\/lea\/publications-2\/","title":{"rendered":"Publications"},"content":{"rendered":"<p><div class=\"fusion-fullwidth fullwidth-box fusion-builder-row-1 fusion-flex-container nonhundred-percent-fullwidth non-hundred-percent-height-scrolling\" style=\"--awb-border-radius-top-left:0px;--awb-border-radius-top-right:0px;--awb-border-radius-bottom-right:0px;--awb-border-radius-bottom-left:0px;--awb-padding-top:7%;--awb-padding-right:5%;--awb-padding-bottom:5%;--awb-padding-left:5%;--awb-margin-top:0%;--awb-margin-bottom:0%;--awb-background-color:#ffef00;--awb-flex-wrap:wrap;\" ><div class=\"fusion-builder-row fusion-row fusion-flex-align-items-flex-start fusion-flex-content-wrap\" style=\"max-width:calc( 100% + 0px );margin-left: calc(-0px \/ 2 );margin-right: calc(-0px \/ 2 );\"><div class=\"fusion-layout-column fusion_builder_column fusion-builder-column-0 fusion_builder_column_1_1 1_1 fusion-flex-column\" style=\"--awb-bg-size:cover;--awb-width-large:100%;--awb-margin-top-large:0px;--awb-spacing-right-large:0px;--awb-margin-bottom-large:0px;--awb-spacing-left-large:0px;--awb-width-medium:100%;--awb-spacing-right-medium:0px;--awb-spacing-left-medium:0px;--awb-width-small:100%;--awb-spacing-right-small:0px;--awb-spacing-left-small:0px;\"><div class=\"fusion-column-wrapper fusion-flex-justify-content-flex-start fusion-content-layout-column\"><div class=\"fusion-title title fusion-title-1 fusion-sep-none fusion-title-center fusion-title-text fusion-title-size-one\"><h1 class=\"fusion-title-heading title-heading-center fusion-responsive-typography-calculated\" style=\"margin:0;--fontSize:34;line-height:1.4;\"><h1 style=\"text-align: center;\">Publications<\/h1><\/h1><\/div><\/div><\/div><\/div><\/div><div class=\"fusion-fullwidth fullwidth-box fusion-builder-row-2 fusion-flex-container nonhundred-percent-fullwidth non-hundred-percent-height-scrolling\" style=\"--awb-border-radius-top-left:0px;--awb-border-radius-top-right:0px;--awb-border-radius-bottom-right:0px;--awb-border-radius-bottom-left:0px;--awb-padding-top:2%;--awb-padding-right:2%;--awb-padding-bottom:2%;--awb-padding-left:2%;--awb-margin-top:0px;--awb-margin-bottom:0px;--awb-flex-wrap:wrap;\" ><div class=\"fusion-builder-row fusion-row fusion-flex-align-items-flex-start fusion-flex-content-wrap\" style=\"max-width:calc( 100% + 0px );margin-left: calc(-0px \/ 2 );margin-right: calc(-0px \/ 2 );\"><div class=\"fusion-layout-column fusion_builder_column fusion-builder-column-1 fusion_builder_column_1_1 1_1 fusion-flex-column\" style=\"--awb-bg-size:cover;--awb-width-large:100%;--awb-margin-top-large:0px;--awb-spacing-right-large:0px;--awb-margin-bottom-large:0px;--awb-spacing-left-large:0px;--awb-width-medium:100%;--awb-spacing-right-medium:0px;--awb-spacing-left-medium:0px;--awb-width-small:100%;--awb-spacing-right-small:0px;--awb-spacing-left-small:0px;\"><div class=\"fusion-column-wrapper fusion-flex-justify-content-flex-start fusion-content-layout-column\"><div class=\"fusion-blog-shortcode fusion-blog-shortcode-1 fusion-blog-archive fusion-blog-layout-grid-wrapper fusion-blog-pagination\" style=\"--grid_separator_color:rgba(255,255,255,0);\"><style type=\"text\/css\">.fusion-blog-shortcode-1 .fusion-blog-layout-grid .fusion-post-grid{padding:15px;}.fusion-blog-shortcode-1 .fusion-posts-container{margin-left: -15px !important; margin-right:-15px !important;}<\/style><div class=\"fusion-posts-container fusion-posts-container-pagination fusion-no-meta-info fusion-blog-rollover fusion-blog-layout-grid fusion-blog-layout-grid-5 isotope fusion-blog-equal-heights\" data-pages=\"3\" data-grid-col-space=\"30\" style=\"margin: -15px -15px 0;min-height:500px;\"><article id=\"blog-1-post-2278\" class=\"fusion-post-grid post-2278 post type-post status-publish format-standard hentry category-actualites category-projet-lea category-publications category-publications-en\">\n<div class=\"fusion-post-wrapper\" style=\"background-color:rgba(245,245,245,1);border:1px solid #ffffff;border-bottom-width:3px;\">\n\n<div class=\"fusion-post-content-wrapper\" style=\"padding:3% 3% 3% 3%;\"><div class=\"fusion-post-content post-content\"><h2 class=\"blog-shortcode-post-title entry-title\"><a href=\"https:\/\/wndev.xyz\/lea\/communautes-interpretatives\/\">Communaut\u00e9s interpr\u00e9tatives<\/a><\/h2><\/div><\/div><div class=\"fusion-clearfix\"><\/div><\/div>\n<\/article>\n<article id=\"blog-1-post-2258\" class=\"fusion-post-grid post-2258 post type-post status-publish format-standard hentry category-actualites category-projet-lea category-publications\">\n<div class=\"fusion-post-wrapper\" style=\"background-color:rgba(245,245,245,1);border:1px solid #ffffff;border-bottom-width:3px;\">\n\n<div class=\"fusion-post-content-wrapper\" style=\"padding:3% 3% 3% 3%;\"><div class=\"fusion-post-content post-content\"><h2 class=\"blog-shortcode-post-title entry-title\"><a href=\"https:\/\/wndev.xyz\/lea\/erasmus-lea-reading-communities-shaping-identities-ref-2023-1-pt01-ka220-hed-000158582\/\">Erasmus + LEA ! Reading Communities, Shaping Identities (REF. 2023-1-PT01-KA220-HED-000158582)<\/a><\/h2><\/div><\/div><div class=\"fusion-clearfix\"><\/div><\/div>\n<\/article>\n<article id=\"blog-1-post-2250\" class=\"fusion-post-grid post-2250 post type-post status-publish format-standard hentry category-actualites category-projet-lea category-publications\">\n<div class=\"fusion-post-wrapper\" style=\"background-color:rgba(245,245,245,1);border:1px solid #ffffff;border-bottom-width:3px;\">\n\n<div class=\"fusion-post-content-wrapper\" style=\"padding:3% 3% 3% 3%;\"><div class=\"fusion-post-content post-content\"><h2 class=\"blog-shortcode-post-title entry-title\"><a href=\"https:\/\/wndev.xyz\/lea\/comparer-ou-inventer-chemins-de-passage\/\">Comparer ou inventer? Chemins de passage<\/a><\/h2><\/div><\/div><div class=\"fusion-clearfix\"><\/div><\/div>\n<\/article>\n<article id=\"blog-1-post-2077\" class=\"fusion-post-grid post-2077 post type-post status-publish format-standard hentry category-actualites category-publications\">\n<div class=\"fusion-post-wrapper\" style=\"background-color:rgba(245,245,245,1);border:1px solid #ffffff;border-bottom-width:3px;\">\n\n<div class=\"fusion-post-content-wrapper\" style=\"padding:3% 3% 3% 3%;\"><div class=\"fusion-post-content post-content\"><h2 class=\"blog-shortcode-post-title entry-title\"><a href=\"https:\/\/wndev.xyz\/lea\/parution-paul-claudel-je-suis-le-contradictoire-2\/\">Parution: Paul Claudel \u00abJe suis le contradictoire\u00bb<\/a><\/h2><\/div><\/div><div class=\"fusion-clearfix\"><\/div><\/div>\n<\/article>\n<article id=\"blog-1-post-1992\" class=\"fusion-post-grid post-1992 post type-post status-publish format-standard hentry category-autres-annonces category-publications\">\n<div class=\"fusion-post-wrapper\" style=\"background-color:rgba(245,245,245,1);border:1px solid #ffffff;border-bottom-width:3px;\">\n\n<div class=\"fusion-post-content-wrapper\" style=\"padding:3% 3% 3% 3%;\"><div class=\"fusion-post-content post-content\"><h2 class=\"blog-shortcode-post-title entry-title\"><a href=\"https:\/\/wndev.xyz\/lea\/parution-litterature-et-ecologie-le-mur-des-abeilles\/\">Parution: Litt\u00e9rature et \u00c9cologie. Le Mur des abeilles<\/a><\/h2><\/div><\/div><div class=\"fusion-clearfix\"><\/div><\/div>\n<\/article>\n<article id=\"blog-1-post-1962\" class=\"fusion-post-grid post-1962 post type-post status-publish format-standard hentry category-actualites category-autres-annonces category-publications\">\n<div class=\"fusion-post-wrapper\" style=\"background-color:rgba(245,245,245,1);border:1px solid #ffffff;border-bottom-width:3px;\">\n\n<div class=\"fusion-post-content-wrapper\" style=\"padding:3% 3% 3% 3%;\"><div class=\"fusion-post-content post-content\"><h2 class=\"blog-shortcode-post-title entry-title\"><a href=\"https:\/\/wndev.xyz\/lea\/parution-le-temps-des-passions\/\">Parution: Le Temps des passions<\/a><\/h2><\/div><\/div><div class=\"fusion-clearfix\"><\/div><\/div>\n<\/article>\n<article id=\"blog-1-post-1907\" class=\"fusion-post-grid post-1907 post type-post status-publish format-standard hentry category-actualites category-projet-lea category-publications\">\n<div class=\"fusion-post-wrapper\" style=\"background-color:rgba(245,245,245,1);border:1px solid #ffffff;border-bottom-width:3px;\">\n\n<div class=\"fusion-post-content-wrapper\" style=\"padding:3% 3% 3% 3%;\"><div class=\"fusion-post-content post-content\"><h2 class=\"blog-shortcode-post-title entry-title\"><a href=\"https:\/\/wndev.xyz\/lea\/parution-des-notes-et-des-textes-etudes-sur-lannotation-2\/\">Parution: Des notes et des textes; \u00e9tudes sur l&#8217;annotation<\/a><\/h2><\/div><\/div><div class=\"fusion-clearfix\"><\/div><\/div>\n<\/article>\n<article id=\"blog-1-post-1861\" class=\"fusion-post-grid post-1861 post type-post status-publish format-standard hentry category-non-classe category-publications\">\n<div class=\"fusion-post-wrapper\" style=\"background-color:rgba(245,245,245,1);border:1px solid #ffffff;border-bottom-width:3px;\">\n\n<div class=\"fusion-post-content-wrapper\" style=\"padding:3% 3% 3% 3%;\"><div class=\"fusion-post-content post-content\"><h2 class=\"blog-shortcode-post-title entry-title\"><a href=\"https:\/\/wndev.xyz\/lea\/parution-lire-les-villes\/\">Parution: Lire les villes<\/a><\/h2><\/div><\/div><div class=\"fusion-clearfix\"><\/div><\/div>\n<\/article>\n<article id=\"blog-1-post-1806\" class=\"fusion-post-grid post-1806 post type-post status-publish format-standard hentry category-autres-annonces category-publications\">\n<div class=\"fusion-post-wrapper\" style=\"background-color:rgba(245,245,245,1);border:1px solid #ffffff;border-bottom-width:3px;\">\n\n<div class=\"fusion-post-content-wrapper\" style=\"padding:3% 3% 3% 3%;\"><div class=\"fusion-post-content post-content\"><h2 class=\"blog-shortcode-post-title entry-title\"><a href=\"https:\/\/wndev.xyz\/lea\/parution-epimodernes-nouvelles-lecons-americaines-sur-lactualite-du-roman\/\">Parution: Epimodernes. Nouvelles &#8220;le\u00e7ons am\u00e9ricaines&#8221; sur l&#8217;actualit\u00e9 du roman<\/a><\/h2><\/div><\/div><div class=\"fusion-clearfix\"><\/div><\/div>\n<\/article>\n<div class=\"fusion-clearfix\"><\/div><\/div><div class=\"pagination clearfix\"><span class=\"current\">1<\/span><a href=\"https:\/\/wndev.xyz\/lea\/wp-json\/wp\/v2\/pages\/468\/page\/2\/\" class=\"inactive\">2<\/a><a class=\"pagination-next\" rel=\"next\" href=\"https:\/\/wndev.xyz\/lea\/wp-json\/wp\/v2\/pages\/468\/page\/2\/\"><span class=\"page-text\">Next<\/span><span class=\"page-next\"><\/span><\/a><\/div><div class=\"fusion-clearfix\"><\/div><\/div><\/div><\/div><\/div><\/div><\/p>\n","protected":false},"excerpt":{"rendered":"","protected":false},"author":1,"featured_media":0,"parent":0,"menu_order":0,"comment_status":"closed","ping_status":"closed","template":"","meta":{"footnotes":""},"class_list":["post-468","page","type-page","status-publish","hentry"],"_links":{"self":[{"href":"https:\/\/wndev.xyz\/lea\/wp-json\/wp\/v2\/pages\/468","targetHints":{"allow":["GET"]}}],"collection":[{"href":"https:\/\/wndev.xyz\/lea\/wp-json\/wp\/v2\/pages"}],"about":[{"href":"https:\/\/wndev.xyz\/lea\/wp-json\/wp\/v2\/types\/page"}],"author":[{"embeddable":true,"href":"https:\/\/wndev.xyz\/lea\/wp-json\/wp\/v2\/users\/1"}],"replies":[{"embeddable":true,"href":"https:\/\/wndev.xyz\/lea\/wp-json\/wp\/v2\/comments?post=468"}],"version-history":[{"count":7,"href":"https:\/\/wndev.xyz\/lea\/wp-json\/wp\/v2\/pages\/468\/revisions"}],"predecessor-version":[{"id":1661,"href":"https:\/\/wndev.xyz\/lea\/wp-json\/wp\/v2\/pages\/468\/revisions\/1661"}],"wp:attachment":[{"href":"https:\/\/wndev.xyz\/lea\/wp-json\/wp\/v2\/media?parent=468"}],"curies":[{"name":"wp","href":"https:\/\/api.w.org\/{rel}","templated":true}]}}