{"id":492,"date":"2018-08-24T18:09:21","date_gmt":"2018-08-24T18:09:21","guid":{"rendered":"https:\/\/wndev.xyz\/lea\/?page_id=492"},"modified":"2018-11-08T17:01:25","modified_gmt":"2018-11-08T17:01:25","slug":"ateliers","status":"publish","type":"page","link":"https:\/\/wndev.xyz\/lea\/ateliers\/","title":{"rendered":"Programmes Intensifs"},"content":{"rendered":"<p><div class=\"fusion-fullwidth fullwidth-box fusion-builder-row-1 fusion-flex-container nonhundred-percent-fullwidth non-hundred-percent-height-scrolling\" style=\"--awb-border-radius-top-left:0px;--awb-border-radius-top-right:0px;--awb-border-radius-bottom-right:0px;--awb-border-radius-bottom-left:0px;--awb-padding-top:7%;--awb-padding-right:5%;--awb-padding-bottom:5%;--awb-padding-left:5%;--awb-margin-top:0%;--awb-margin-bottom:0%;--awb-background-color:#ffef00;--awb-flex-wrap:wrap;\" ><div class=\"fusion-builder-row fusion-row fusion-flex-align-items-flex-start fusion-flex-content-wrap\" style=\"max-width:calc( 100% + 0px );margin-left: calc(-0px \/ 2 );margin-right: calc(-0px \/ 2 );\"><div class=\"fusion-layout-column fusion_builder_column fusion-builder-column-0 fusion_builder_column_1_1 1_1 fusion-flex-column\" style=\"--awb-bg-size:cover;--awb-width-large:100%;--awb-margin-top-large:0px;--awb-spacing-right-large:0px;--awb-margin-bottom-large:0px;--awb-spacing-left-large:0px;--awb-width-medium:100%;--awb-spacing-right-medium:0px;--awb-spacing-left-medium:0px;--awb-width-small:100%;--awb-spacing-right-small:0px;--awb-spacing-left-small:0px;\"><div class=\"fusion-column-wrapper fusion-flex-justify-content-flex-start fusion-content-layout-column\"><div class=\"fusion-title title fusion-title-1 fusion-sep-none fusion-title-center fusion-title-text fusion-title-size-one\"><h1 class=\"fusion-title-heading title-heading-center fusion-responsive-typography-calculated\" style=\"margin:0;--fontSize:34;line-height:1.4;\"><p>&nbsp;<\/p>\n<h1 id=\"tw-target-text\" class=\"tw-data-text tw-ta tw-text-medium\" dir=\"ltr\" style=\"text-align: center;\" data-placeholder=\"Translation\">Programmes Intensifs<\/h1>\n<p>&nbsp;<\/p><\/h1><\/div><\/div><\/div><\/div><\/div><div class=\"fusion-fullwidth fullwidth-box fusion-builder-row-2 fusion-flex-container nonhundred-percent-fullwidth non-hundred-percent-height-scrolling\" style=\"--awb-border-radius-top-left:0px;--awb-border-radius-top-right:0px;--awb-border-radius-bottom-right:0px;--awb-border-radius-bottom-left:0px;--awb-padding-top:2%;--awb-padding-right:2%;--awb-padding-bottom:2%;--awb-padding-left:2%;--awb-margin-top:0px;--awb-margin-bottom:0px;--awb-flex-wrap:wrap;\" ><div class=\"fusion-builder-row fusion-row fusion-flex-align-items-flex-start fusion-flex-content-wrap\" style=\"max-width:calc( 100% + 0px );margin-left: calc(-0px \/ 2 );margin-right: calc(-0px \/ 2 );\"><div class=\"fusion-layout-column fusion_builder_column fusion-builder-column-1 fusion_builder_column_1_1 1_1 fusion-flex-column\" style=\"--awb-bg-size:cover;--awb-width-large:100%;--awb-margin-top-large:0px;--awb-spacing-right-large:0px;--awb-margin-bottom-large:0px;--awb-spacing-left-large:0px;--awb-width-medium:100%;--awb-spacing-right-medium:0px;--awb-spacing-left-medium:0px;--awb-width-small:100%;--awb-spacing-right-small:0px;--awb-spacing-left-small:0px;\"><div class=\"fusion-column-wrapper fusion-flex-justify-content-flex-start fusion-content-layout-column\"><div class=\"fusion-blog-shortcode fusion-blog-shortcode-1 fusion-blog-archive fusion-blog-layout-grid-wrapper fusion-blog-pagination\" style=\"--grid_separator_color:rgba(255,255,255,0);\"><style type=\"text\/css\">.fusion-blog-shortcode-1 .fusion-blog-layout-grid .fusion-post-grid{padding:17.5px;}.fusion-blog-shortcode-1 .fusion-posts-container{margin-left: -17.5px !important; margin-right:-17.5px !important;}<\/style><div class=\"fusion-posts-container fusion-posts-container-pagination fusion-blog-rollover fusion-blog-layout-grid fusion-blog-layout-grid-5 isotope\" data-pages=\"1\" data-grid-col-space=\"35\" style=\"margin: -17.5px -17.5px 0;min-height:500px;\"><article id=\"blog-1-post-2268\" class=\"fusion-post-grid post-2268 post type-post status-publish format-standard hentry category-intensive-programs category-lea-project category-programmes-intensifs\">\n<div class=\"fusion-post-wrapper\" style=\"background-color:rgba(245,245,245,1);border:1px solid #ffffff;border-bottom-width:3px;\">\n\n<div class=\"fusion-post-content-wrapper\" style=\"padding:3% 3% 3% 3%;\"><div class=\"fusion-post-content post-content\"><h2 class=\"blog-shortcode-post-title entry-title\"><a href=\"https:\/\/wndev.xyz\/lea\/reading-communities-shaping-identities-lire-ensemble-2023-1-pt01-ka220-hed-000158582\/\">Sortir du bocal avec un livre ou la lecture comme exploration. Exercices pratiques | 13 \u2012 20 juillet 2024 &#8211; Universit\u00e9 catholique P\u00e1zm\u00e1ny P\u00e9ter &#8211; Budapest<\/a><\/h2><p class=\"fusion-single-line-meta\">By <span class=\"vcard\"><span class=\"fn\"><a href=\"https:\/\/wndev.xyz\/lea\/author\/pzawieja\/\" title=\"Posts by Philippe Zawieja\" rel=\"author\">Philippe Zawieja<\/a><\/span><\/span><span class=\"fusion-inline-sep\">|<\/span><span class=\"updated\" style=\"display:none;\">2024-07-12T13:34:12+00:00<\/span><span>March, 2024<\/span><span class=\"fusion-inline-sep\">|<\/span><\/p><\/div><\/div><div class=\"fusion-clearfix\"><\/div><\/div>\n<\/article>\n<article id=\"blog-1-post-2065\" class=\"fusion-post-grid post-2065 post type-post status-publish format-standard hentry category-actualites category-intensive-programs category-news category-programmes-intensifs\">\n<div class=\"fusion-post-wrapper\" style=\"background-color:rgba(245,245,245,1);border:1px solid #ffffff;border-bottom-width:3px;\">\n\n<div class=\"fusion-post-content-wrapper\" style=\"padding:3% 3% 3% 3%;\"><div class=\"fusion-post-content post-content\"><h2 class=\"blog-shortcode-post-title entry-title\"><a href=\"https:\/\/wndev.xyz\/lea\/universite-dautomne-eur-frapp-lea-lire-en-europe-aujourdhui-2\/\">Universit\u00e9 d\u2019automne EUR FRAPP &#038; L\u00c9A ! Lire en Europe Aujourd\u2019hui<\/a><\/h2><p class=\"fusion-single-line-meta\">By <span class=\"vcard\"><span class=\"fn\"><a href=\"https:\/\/wndev.xyz\/lea\/author\/admin\/\" title=\"Posts by Groupe L\u00c9A!\" rel=\"author\">Groupe L\u00c9A!<\/a><\/span><\/span><span class=\"fusion-inline-sep\">|<\/span><span class=\"updated\" style=\"display:none;\">2024-03-25T16:10:29+00:00<\/span><span>September, 2021<\/span><span class=\"fusion-inline-sep\">|<\/span><\/p><\/div><\/div><div class=\"fusion-clearfix\"><\/div><\/div>\n<\/article>\n<article id=\"blog-1-post-2062\" class=\"fusion-post-grid post-2062 post type-post status-publish format-standard hentry category-actualites category-programmes-intensifs\">\n<div class=\"fusion-post-wrapper\" style=\"background-color:rgba(245,245,245,1);border:1px solid #ffffff;border-bottom-width:3px;\">\n\n<div class=\"fusion-post-content-wrapper\" style=\"padding:3% 3% 3% 3%;\"><div class=\"fusion-post-content post-content\"><h2 class=\"blog-shortcode-post-title entry-title\"><a href=\"https:\/\/wndev.xyz\/lea\/universite-dautomne-eur-frapp-lea-lire-en-europe-aujourdhui\/\">Universit\u00e9 d\u2019automne EUR FRAPP &#038; L\u00c9A ! Lire en Europe Aujourd\u2019hui<\/a><\/h2><p class=\"fusion-single-line-meta\">By <span class=\"vcard\"><span class=\"fn\"><a href=\"https:\/\/wndev.xyz\/lea\/author\/admin\/\" title=\"Posts by Groupe L\u00c9A!\" rel=\"author\">Groupe L\u00c9A!<\/a><\/span><\/span><span class=\"fusion-inline-sep\">|<\/span><span class=\"updated\" style=\"display:none;\">2021-11-12T12:02:33+00:00<\/span><span>September, 2021<\/span><span class=\"fusion-inline-sep\">|<\/span><\/p><\/div><\/div><div class=\"fusion-clearfix\"><\/div><\/div>\n<\/article>\n<article id=\"blog-1-post-1750\" class=\"fusion-post-grid post-1750 post type-post status-publish format-standard hentry category-actualites category-programmes-intensifs category-projet-lea\">\n<div class=\"fusion-post-wrapper\" style=\"background-color:rgba(245,245,245,1);border:1px solid #ffffff;border-bottom-width:3px;\">\n\n<div class=\"fusion-post-content-wrapper\" style=\"padding:3% 3% 3% 3%;\"><div class=\"fusion-post-content post-content\"><h2 class=\"blog-shortcode-post-title entry-title\"><a href=\"https:\/\/wndev.xyz\/lea\/mutations-valencia-29-juin-10-juillet-2020\/\">Mutations, Valencia, 7 \u2013 13 septembre 2020\u00a0<\/a><\/h2><p class=\"fusion-single-line-meta\">By <span class=\"vcard\"><span class=\"fn\"><a href=\"https:\/\/wndev.xyz\/lea\/author\/admin\/\" title=\"Posts by Groupe L\u00c9A!\" rel=\"author\">Groupe L\u00c9A!<\/a><\/span><\/span><span class=\"fusion-inline-sep\">|<\/span><span class=\"updated\" style=\"display:none;\">2020-09-07T20:04:02+00:00<\/span><span>December, 2019<\/span><span class=\"fusion-inline-sep\">|<\/span><\/p><\/div><\/div><div class=\"fusion-clearfix\"><\/div><\/div>\n<\/article>\n<article id=\"blog-1-post-976\" class=\"fusion-post-grid post-976 post type-post status-publish format-standard hentry category-actualites category-programmes-intensifs\">\n<div class=\"fusion-post-wrapper\" style=\"background-color:rgba(245,245,245,1);border:1px solid #ffffff;border-bottom-width:3px;\">\n\n<div class=\"fusion-post-content-wrapper\" style=\"padding:3% 3% 3% 3%;\"><div class=\"fusion-post-content post-content\"><h2 class=\"blog-shortcode-post-title entry-title\"><a href=\"https:\/\/wndev.xyz\/lea\/les-etudes-litteraires-aujourdhui-enjeux-et-atouts-dune-indiscipline-universite-du-minho-2019\/\">Les \u00c9tudes litt\u00e9raires aujourd\u2019hui? Enjeux et atouts d\u2019une indiscipline, Braga, 8-13 juillet 2019<\/a><\/h2><p class=\"fusion-single-line-meta\">By <span class=\"vcard\"><span class=\"fn\"><a href=\"https:\/\/wndev.xyz\/lea\/author\/admin\/\" title=\"Posts by Groupe L\u00c9A!\" rel=\"author\">Groupe L\u00c9A!<\/a><\/span><\/span><span class=\"fusion-inline-sep\">|<\/span><span class=\"updated\" style=\"display:none;\">2019-08-01T22:28:39+00:00<\/span><span>May, 2019<\/span><span class=\"fusion-inline-sep\">|<\/span><\/p><\/div><\/div><div class=\"fusion-clearfix\"><\/div><\/div>\n<\/article>\n<article id=\"blog-1-post-1206\" class=\"fusion-post-grid post-1206 post type-post status-publish format-standard hentry category-actualites category-programmes-intensifs category-projet-lea\">\n<div class=\"fusion-post-wrapper\" style=\"background-color:rgba(245,245,245,1);border:1px solid #ffffff;border-bottom-width:3px;\">\n\n<div class=\"fusion-post-content-wrapper\" style=\"padding:3% 3% 3% 3%;\"><div class=\"fusion-post-content post-content\"><h2 class=\"blog-shortcode-post-title entry-title\"><a href=\"https:\/\/wndev.xyz\/lea\/lire-et-ecrire-le-transfrontalier-aujourdhui-dans-la-fiction-romanesque-et-ailleurs-cadiz-2019\/\">Lire et \u00e9crire le transfrontalier aujourd\u2019hui, dans la fiction romanesque et ailleurs, Cad\u00edz, 2-13 juillet 2019<\/a><\/h2><p class=\"fusion-single-line-meta\">By <span class=\"vcard\"><span class=\"fn\"><a href=\"https:\/\/wndev.xyz\/lea\/author\/admin\/\" title=\"Posts by Groupe L\u00c9A!\" rel=\"author\">Groupe L\u00c9A!<\/a><\/span><\/span><span class=\"fusion-inline-sep\">|<\/span><span class=\"updated\" style=\"display:none;\">2019-07-21T17:42:48+00:00<\/span><span>April, 2019<\/span><span class=\"fusion-inline-sep\">|<\/span><\/p><\/div><\/div><div class=\"fusion-clearfix\"><\/div><\/div>\n<\/article>\n<article id=\"blog-1-post-463\" class=\"fusion-post-grid post-463 post type-post status-publish format-standard hentry category-programmes-intensifs\">\n<div class=\"fusion-post-wrapper\" style=\"background-color:rgba(245,245,245,1);border:1px solid #ffffff;border-bottom-width:3px;\">\n\n<div class=\"fusion-post-content-wrapper\" style=\"padding:3% 3% 3% 3%;\"><div class=\"fusion-post-content post-content\"><h2 class=\"blog-shortcode-post-title entry-title\"><a href=\"https:\/\/wndev.xyz\/lea\/erasmus-reading-in-europe-today-reading-and-writing-literary-texts-in-the-age-of-digital-humanities\/\">Lire et vivre le romanesque,  Universit\u00e9 Picardie Jules Verne, 2018<\/a><\/h2><p class=\"fusion-single-line-meta\">By <span class=\"vcard\"><span class=\"fn\"><a href=\"https:\/\/wndev.xyz\/lea\/author\/admin\/\" title=\"Posts by Groupe L\u00c9A!\" rel=\"author\">Groupe L\u00c9A!<\/a><\/span><\/span><span class=\"fusion-inline-sep\">|<\/span><span class=\"updated\" style=\"display:none;\">2018-12-20T15:59:25+00:00<\/span><span>January, 2018<\/span><span class=\"fusion-inline-sep\">|<\/span><\/p><\/div><\/div><div class=\"fusion-clearfix\"><\/div><\/div>\n<\/article>\n<article id=\"blog-1-post-1183\" class=\"fusion-post-grid post-1183 post type-post status-publish format-standard hentry category-programmes-intensifs category-projet-lea\">\n<div class=\"fusion-post-wrapper\" style=\"background-color:rgba(245,245,245,1);border:1px solid #ffffff;border-bottom-width:3px;\">\n\n<div class=\"fusion-post-content-wrapper\" style=\"padding:3% 3% 3% 3%;\"><div class=\"fusion-post-content post-content\"><h2 class=\"blog-shortcode-post-title entry-title\"><a href=\"https:\/\/wndev.xyz\/lea\/la-theorie-litteraire-aujourdhui-universite-de-lalgarve-2017\/\">La th\u00e9orie litt\u00e9raire aujourd&#8217;hui, Universit\u00e9 de l&#8217;Algarve, 2017<\/a><\/h2><p class=\"fusion-single-line-meta\">By <span class=\"vcard\"><span class=\"fn\"><a href=\"https:\/\/wndev.xyz\/lea\/author\/admin\/\" title=\"Posts by Groupe L\u00c9A!\" rel=\"author\">Groupe L\u00c9A!<\/a><\/span><\/span><span class=\"fusion-inline-sep\">|<\/span><span class=\"updated\" style=\"display:none;\">2018-12-20T16:09:24+00:00<\/span><span>July, 2017<\/span><span class=\"fusion-inline-sep\">|<\/span><\/p><\/div><\/div><div class=\"fusion-clearfix\"><\/div><\/div>\n<\/article>\n<article id=\"blog-1-post-554\" class=\"fusion-post-grid post-554 post type-post status-publish format-standard hentry category-programmes-intensifs category-projet-lea\">\n<div class=\"fusion-post-wrapper\" style=\"background-color:rgba(245,245,245,1);border:1px solid #ffffff;border-bottom-width:3px;\">\n\n<div class=\"fusion-post-content-wrapper\" style=\"padding:3% 3% 3% 3%;\"><div class=\"fusion-post-content post-content\"><h2 class=\"blog-shortcode-post-title entry-title\"><a href=\"https:\/\/wndev.xyz\/lea\/2014-litterature-villes-interactions-universite-du-luxembourg\/\">Litt\u00e9rature, villes, interactions, Universit\u00e9 du Luxembourg, 2014<\/a><\/h2><p class=\"fusion-single-line-meta\">By <span class=\"vcard\"><span class=\"fn\"><a href=\"https:\/\/wndev.xyz\/lea\/author\/admin\/\" title=\"Posts by Groupe L\u00c9A!\" rel=\"author\">Groupe L\u00c9A!<\/a><\/span><\/span><span class=\"fusion-inline-sep\">|<\/span><span class=\"updated\" style=\"display:none;\">2020-10-06T18:38:44+00:00<\/span><span>August, 2014<\/span><span class=\"fusion-inline-sep\">|<\/span><\/p><\/div><\/div><div class=\"fusion-clearfix\"><\/div><\/div>\n<\/article>\n<article id=\"blog-1-post-555\" class=\"fusion-post-grid post-555 post type-post status-publish format-standard hentry category-programmes-intensifs\">\n<div class=\"fusion-post-wrapper\" style=\"background-color:rgba(245,245,245,1);border:1px solid #ffffff;border-bottom-width:3px;\">\n\n<div class=\"fusion-post-content-wrapper\" style=\"padding:3% 3% 3% 3%;\"><div class=\"fusion-post-content post-content\"><h2 class=\"blog-shortcode-post-title entry-title\"><a href=\"https:\/\/wndev.xyz\/lea\/2013-lire-en-plus-dune-langue-litterature-et-traduction-universite-de-bordeaux-france\/\">Lire en plus d\u2019une langue: litt\u00e9rature et traduction, Universit\u00e9 de Bordeaux, 2013<\/a><\/h2><p class=\"fusion-single-line-meta\">By <span class=\"vcard\"><span class=\"fn\"><a href=\"https:\/\/wndev.xyz\/lea\/author\/admin\/\" title=\"Posts by Groupe L\u00c9A!\" rel=\"author\">Groupe L\u00c9A!<\/a><\/span><\/span><span class=\"fusion-inline-sep\">|<\/span><span class=\"updated\" style=\"display:none;\">2019-05-28T18:23:12+00:00<\/span><span>July, 2013<\/span><span class=\"fusion-inline-sep\">|<\/span><\/p><\/div><\/div><div class=\"fusion-clearfix\"><\/div><\/div>\n<\/article>\n<article id=\"blog-1-post-553\" class=\"fusion-post-grid post-553 post type-post status-publish format-standard hentry category-programmes-intensifs category-projet-lea\">\n<div class=\"fusion-post-wrapper\" style=\"background-color:rgba(245,245,245,1);border:1px solid #ffffff;border-bottom-width:3px;\">\n\n<div class=\"fusion-post-content-wrapper\" style=\"padding:3% 3% 3% 3%;\"><div class=\"fusion-post-content post-content\"><h2 class=\"blog-shortcode-post-title entry-title\"><a href=\"https:\/\/wndev.xyz\/lea\/2012-histoire-litteraire-et-etudes-litteraires-culturelles-quelles-tensionsquels-impacts-universite-daveiro-portugal\/\">Histoire litt\u00e9raire et \u00c9tudes litt\u00e9raires culturelles. Quelles tensions? Quels impacts?, Universit\u00e9 d\u2019Aveiro, 2012<\/a><\/h2><p class=\"fusion-single-line-meta\">By <span class=\"vcard\"><span class=\"fn\"><a href=\"https:\/\/wndev.xyz\/lea\/author\/admin\/\" title=\"Posts by Groupe L\u00c9A!\" rel=\"author\">Groupe L\u00c9A!<\/a><\/span><\/span><span class=\"fusion-inline-sep\">|<\/span><span class=\"updated\" style=\"display:none;\">2019-05-28T18:17:43+00:00<\/span><span>May, 2012<\/span><span class=\"fusion-inline-sep\">|<\/span><\/p><\/div><\/div><div class=\"fusion-clearfix\"><\/div><\/div>\n<\/article>\n<div class=\"fusion-clearfix\"><\/div><\/div><\/div><\/div><\/div><\/div><\/div><\/p>\n","protected":false},"excerpt":{"rendered":"","protected":false},"author":1,"featured_media":0,"parent":0,"menu_order":0,"comment_status":"closed","ping_status":"closed","template":"","meta":{"footnotes":""},"class_list":["post-492","page","type-page","status-publish","hentry"],"_links":{"self":[{"href":"https:\/\/wndev.xyz\/lea\/wp-json\/wp\/v2\/pages\/492","targetHints":{"allow":["GET"]}}],"collection":[{"href":"https:\/\/wndev.xyz\/lea\/wp-json\/wp\/v2\/pages"}],"about":[{"href":"https:\/\/wndev.xyz\/lea\/wp-json\/wp\/v2\/types\/page"}],"author":[{"embeddable":true,"href":"https:\/\/wndev.xyz\/lea\/wp-json\/wp\/v2\/users\/1"}],"replies":[{"embeddable":true,"href":"https:\/\/wndev.xyz\/lea\/wp-json\/wp\/v2\/comments?post=492"}],"version-history":[{"count":15,"href":"https:\/\/wndev.xyz\/lea\/wp-json\/wp\/v2\/pages\/492\/revisions"}],"predecessor-version":[{"id":1082,"href":"https:\/\/wndev.xyz\/lea\/wp-json\/wp\/v2\/pages\/492\/revisions\/1082"}],"wp:attachment":[{"href":"https:\/\/wndev.xyz\/lea\/wp-json\/wp\/v2\/media?parent=492"}],"curies":[{"name":"wp","href":"https:\/\/api.w.org\/{rel}","templated":true}]}}