{"id":533,"date":"2018-08-30T09:02:09","date_gmt":"2018-08-30T09:02:09","guid":{"rendered":"https:\/\/wndev.xyz\/lea\/?page_id=533"},"modified":"2019-04-08T08:33:37","modified_gmt":"2019-04-08T08:33:37","slug":"autres-annonces","status":"publish","type":"page","link":"https:\/\/wndev.xyz\/lea\/autres-annonces\/","title":{"rendered":"Annonces de nos Membres"},"content":{"rendered":"<p><div class=\"fusion-fullwidth fullwidth-box fusion-builder-row-1 fusion-flex-container nonhundred-percent-fullwidth non-hundred-percent-height-scrolling\" style=\"--awb-border-radius-top-left:0px;--awb-border-radius-top-right:0px;--awb-border-radius-bottom-right:0px;--awb-border-radius-bottom-left:0px;--awb-padding-top:7%;--awb-padding-right:5%;--awb-padding-bottom:5%;--awb-padding-left:5%;--awb-margin-top:0%;--awb-margin-bottom:0%;--awb-background-color:#ffef00;--awb-flex-wrap:wrap;\" ><div class=\"fusion-builder-row fusion-row fusion-flex-align-items-flex-start fusion-flex-content-wrap\" style=\"max-width:calc( 100% + 0px );margin-left: calc(-0px \/ 2 );margin-right: calc(-0px \/ 2 );\"><div class=\"fusion-layout-column fusion_builder_column fusion-builder-column-0 fusion_builder_column_1_1 1_1 fusion-flex-column\" style=\"--awb-bg-size:cover;--awb-width-large:100%;--awb-margin-top-large:0px;--awb-spacing-right-large:0px;--awb-margin-bottom-large:0px;--awb-spacing-left-large:0px;--awb-width-medium:100%;--awb-spacing-right-medium:0px;--awb-spacing-left-medium:0px;--awb-width-small:100%;--awb-spacing-right-small:0px;--awb-spacing-left-small:0px;\"><div class=\"fusion-column-wrapper fusion-flex-justify-content-flex-start fusion-content-layout-column\"><div class=\"fusion-title title fusion-title-1 fusion-sep-none fusion-title-center fusion-title-text fusion-title-size-one\"><h1 class=\"fusion-title-heading title-heading-center fusion-responsive-typography-calculated\" style=\"margin:0;--fontSize:34;line-height:1.4;\"><h1 style=\"text-align: center;\">Annonces<\/h1><\/h1><\/div><\/div><\/div><\/div><\/div><div class=\"fusion-fullwidth fullwidth-box fusion-builder-row-2 fusion-flex-container nonhundred-percent-fullwidth non-hundred-percent-height-scrolling\" style=\"--awb-border-radius-top-left:0px;--awb-border-radius-top-right:0px;--awb-border-radius-bottom-right:0px;--awb-border-radius-bottom-left:0px;--awb-padding-top:2%;--awb-padding-right:2%;--awb-padding-bottom:2%;--awb-padding-left:2%;--awb-margin-top:0px;--awb-margin-bottom:0px;--awb-flex-wrap:wrap;\" ><div class=\"fusion-builder-row fusion-row fusion-flex-align-items-flex-start fusion-flex-content-wrap\" style=\"max-width:calc( 100% + 0px );margin-left: calc(-0px \/ 2 );margin-right: calc(-0px \/ 2 );\"><div class=\"fusion-layout-column fusion_builder_column fusion-builder-column-1 fusion_builder_column_1_1 1_1 fusion-flex-column\" style=\"--awb-bg-size:cover;--awb-width-large:100%;--awb-margin-top-large:0px;--awb-spacing-right-large:0px;--awb-margin-bottom-large:0px;--awb-spacing-left-large:0px;--awb-width-medium:100%;--awb-spacing-right-medium:0px;--awb-spacing-left-medium:0px;--awb-width-small:100%;--awb-spacing-right-small:0px;--awb-spacing-left-small:0px;\"><div class=\"fusion-column-wrapper fusion-flex-justify-content-flex-start fusion-content-layout-column\"><div class=\"fusion-blog-shortcode fusion-blog-shortcode-1 fusion-blog-archive fusion-blog-layout-grid-wrapper fusion-blog-pagination\" style=\"--grid_separator_color:rgba(255,255,255,0);\"><style type=\"text\/css\">.fusion-blog-shortcode-1 .fusion-blog-layout-grid .fusion-post-grid{padding:10px;}.fusion-blog-shortcode-1 .fusion-posts-container{margin-left: -10px !important; margin-right:-10px !important;}<\/style><div class=\"fusion-posts-container fusion-posts-container-pagination fusion-blog-rollover fusion-blog-layout-grid fusion-blog-layout-grid-4 isotope fusion-blog-equal-heights\" data-pages=\"7\" data-grid-col-space=\"20\" style=\"margin: -10px -10px 0;min-height:500px;\"><article id=\"blog-1-post-2278\" class=\"fusion-post-grid post-2278 post type-post status-publish format-standard hentry category-actualites category-projet-lea category-publications category-publications-en\">\n<div class=\"fusion-post-wrapper\" style=\"background-color:rgba(245,245,245,1);border:1px solid #ffffff;border-bottom-width:3px;\">\n\n<div class=\"fusion-post-content-wrapper\" style=\"padding:3% 3% 3% 3%;\"><div class=\"fusion-post-content post-content\"><h2 class=\"blog-shortcode-post-title entry-title\"><a href=\"https:\/\/wndev.xyz\/lea\/communautes-interpretatives\/\">Communaut\u00e9s interpr\u00e9tatives<\/a><\/h2><p class=\"fusion-single-line-meta\">By <span class=\"vcard\"><span class=\"fn\"><a href=\"https:\/\/wndev.xyz\/lea\/author\/pzawieja\/\" title=\"Posts by Philippe Zawieja\" rel=\"author\">Philippe Zawieja<\/a><\/span><\/span><span class=\"fusion-inline-sep\">|<\/span><span class=\"updated\" style=\"display:none;\">2024-06-18T10:55:40+00:00<\/span><span>June, 2024<\/span><span class=\"fusion-inline-sep\">|<\/span><\/p><div class=\"fusion-content-sep sep-none\"><\/div><div class=\"fusion-post-content-container\"><p>\u00a0 Ce volume interroge les conditions de l\u2019interpr\u00e9tation des textes [...]<\/p><\/div><\/div><\/div><div class=\"fusion-clearfix\"><\/div><\/div>\n<\/article>\n<article id=\"blog-1-post-2276\" class=\"fusion-post-grid post-2276 post type-post status-publish format-standard hentry category-actualites category-colloques\">\n<div class=\"fusion-post-wrapper\" style=\"background-color:rgba(245,245,245,1);border:1px solid #ffffff;border-bottom-width:3px;\">\n\n<div class=\"fusion-post-content-wrapper\" style=\"padding:3% 3% 3% 3%;\"><div class=\"fusion-post-content post-content\"><h2 class=\"blog-shortcode-post-title entry-title\"><a href=\"https:\/\/wndev.xyz\/lea\/lire-intervenir-ecrire-sur-loperation-de-lecture-aujourdhui\/\">Lire, intervenir, \u00c9crire. Sur l&#8217;op\u00e9ration de lecture aujourd&#8217;hui<\/a><\/h2><p class=\"fusion-single-line-meta\">By <span class=\"vcard\"><span class=\"fn\"><a href=\"https:\/\/wndev.xyz\/lea\/author\/pzawieja\/\" title=\"Posts by Philippe Zawieja\" rel=\"author\">Philippe Zawieja<\/a><\/span><\/span><span class=\"fusion-inline-sep\">|<\/span><span class=\"updated\" style=\"display:none;\">2024-07-12T13:38:16+00:00<\/span><span>June, 2024<\/span><span class=\"fusion-inline-sep\">|<\/span><\/p><div class=\"fusion-content-sep sep-none\"><\/div><div class=\"fusion-post-content-container\"><p>Lire, intervenir, \u00c9crire. Sur l'op\u00e9ration de lecture aujourd'hui Colloque organis\u00e9 [...]<\/p><\/div><\/div><\/div><div class=\"fusion-clearfix\"><\/div><\/div>\n<\/article>\n<article id=\"blog-1-post-2261\" class=\"fusion-post-grid post-2261 post type-post status-publish format-standard hentry category-autres-annonces\">\n<div class=\"fusion-post-wrapper\" style=\"background-color:rgba(245,245,245,1);border:1px solid #ffffff;border-bottom-width:3px;\">\n\n<div class=\"fusion-post-content-wrapper\" style=\"padding:3% 3% 3% 3%;\"><div class=\"fusion-post-content post-content\"><h2 class=\"blog-shortcode-post-title entry-title\"><a href=\"https:\/\/wndev.xyz\/lea\/reunion-de-lancement-du-projet-erasmus-reading-communities-shaping-identities\/\">R\u00e9union de Lancement du Projet Erasmus + &#8220;Reading Communities, Shaping Identities&#8221; &#8211; Braga, 28 mars 2024<\/a><\/h2><p class=\"fusion-single-line-meta\">By <span class=\"vcard\"><span class=\"fn\"><a href=\"https:\/\/wndev.xyz\/lea\/author\/pzawieja\/\" title=\"Posts by Philippe Zawieja\" rel=\"author\">Philippe Zawieja<\/a><\/span><\/span><span class=\"fusion-inline-sep\">|<\/span><span class=\"updated\" style=\"display:none;\">2024-03-25T15:22:55+00:00<\/span><span>March, 2024<\/span><span class=\"fusion-inline-sep\">|<\/span><\/p><div class=\"fusion-content-sep sep-none\"><\/div><div class=\"fusion-post-content-container\"><p>Programme ZOOM<\/p><\/div><\/div><\/div><div class=\"fusion-clearfix\"><\/div><\/div>\n<\/article>\n<article id=\"blog-1-post-2258\" class=\"fusion-post-grid post-2258 post type-post status-publish format-standard hentry category-actualites category-projet-lea category-publications\">\n<div class=\"fusion-post-wrapper\" style=\"background-color:rgba(245,245,245,1);border:1px solid #ffffff;border-bottom-width:3px;\">\n\n<div class=\"fusion-post-content-wrapper\" style=\"padding:3% 3% 3% 3%;\"><div class=\"fusion-post-content post-content\"><h2 class=\"blog-shortcode-post-title entry-title\"><a href=\"https:\/\/wndev.xyz\/lea\/erasmus-lea-reading-communities-shaping-identities-ref-2023-1-pt01-ka220-hed-000158582\/\">Erasmus + LEA ! Reading Communities, Shaping Identities (REF. 2023-1-PT01-KA220-HED-000158582)<\/a><\/h2><p class=\"fusion-single-line-meta\">By <span class=\"vcard\"><span class=\"fn\"><a href=\"https:\/\/wndev.xyz\/lea\/author\/pzawieja\/\" title=\"Posts by Philippe Zawieja\" rel=\"author\">Philippe Zawieja<\/a><\/span><\/span><span class=\"fusion-inline-sep\">|<\/span><span class=\"updated\" style=\"display:none;\">2024-03-05T12:06:26+00:00<\/span><span>March, 2024<\/span><span class=\"fusion-inline-sep\">|<\/span><\/p><div class=\"fusion-content-sep sep-none\"><\/div><div class=\"fusion-post-content-container\"><p>Notre premi\u00e8re activit\u00e9 dans le cadre du nouveau projet Erasmus [...]<\/p><\/div><\/div><\/div><div class=\"fusion-clearfix\"><\/div><\/div>\n<\/article>\n<article id=\"blog-1-post-2250\" class=\"fusion-post-grid post-2250 post type-post status-publish format-standard hentry category-actualites category-projet-lea category-publications\">\n<div class=\"fusion-post-wrapper\" style=\"background-color:rgba(245,245,245,1);border:1px solid #ffffff;border-bottom-width:3px;\">\n\n<div class=\"fusion-post-content-wrapper\" style=\"padding:3% 3% 3% 3%;\"><div class=\"fusion-post-content post-content\"><h2 class=\"blog-shortcode-post-title entry-title\"><a href=\"https:\/\/wndev.xyz\/lea\/comparer-ou-inventer-chemins-de-passage\/\">Comparer ou inventer? Chemins de passage<\/a><\/h2><p class=\"fusion-single-line-meta\">By <span class=\"vcard\"><span class=\"fn\"><a href=\"https:\/\/wndev.xyz\/lea\/author\/pzawieja\/\" title=\"Posts by Philippe Zawieja\" rel=\"author\">Philippe Zawieja<\/a><\/span><\/span><span class=\"fusion-inline-sep\">|<\/span><span class=\"updated\" style=\"display:none;\">2024-01-23T15:55:54+00:00<\/span><span>January, 2024<\/span><span class=\"fusion-inline-sep\">|<\/span><\/p><div class=\"fusion-content-sep sep-none\"><\/div><div class=\"fusion-post-content-container\"><p>Pr\u00e9sentation Cette \u00e9dition de mai 2023 de Carnets, revue \u00e9lectronique [...]<\/p><\/div><\/div><\/div><div class=\"fusion-clearfix\"><\/div><\/div>\n<\/article>\n<article id=\"blog-1-post-2128\" class=\"fusion-post-grid post-2128 post type-post status-publish format-standard hentry category-actualites category-autres-annonces category-non-classe\">\n<div class=\"fusion-post-wrapper\" style=\"background-color:rgba(245,245,245,1);border:1px solid #ffffff;border-bottom-width:3px;\">\n\n<div class=\"fusion-post-content-wrapper\" style=\"padding:3% 3% 3% 3%;\"><div class=\"fusion-post-content post-content\"><h2 class=\"blog-shortcode-post-title entry-title\"><a href=\"https:\/\/wndev.xyz\/lea\/litterature-comparee-et-textes-possibles\/\">Litt\u00e9rature compar\u00e9e et textes possibles, Conf\u00e9rence, 1 &#038; 2 d\u00e9cembre \u00a02022<\/a><\/h2><p class=\"fusion-single-line-meta\">By <span class=\"vcard\"><span class=\"fn\"><a href=\"https:\/\/wndev.xyz\/lea\/author\/admin\/\" title=\"Posts by Groupe L\u00c9A!\" rel=\"author\">Groupe L\u00c9A!<\/a><\/span><\/span><span class=\"fusion-inline-sep\">|<\/span><span class=\"updated\" style=\"display:none;\">2022-12-19T16:23:10+00:00<\/span><span>August, 2022<\/span><span class=\"fusion-inline-sep\">|<\/span><\/p><div class=\"fusion-content-sep sep-none\"><\/div><div class=\"fusion-post-content-container\"><p>Litt\u00e9rature compar\u00e9e et textes possibles \u200bL\u2019id\u00e9e de d\u00e9part est que [...]<\/p><\/div><\/div><\/div><div class=\"fusion-clearfix\"><\/div><\/div>\n<\/article>\n<article id=\"blog-1-post-2126\" class=\"fusion-post-grid post-2126 post type-post status-publish format-standard hentry category-conferences category-news category-other-news category-un-categorized\">\n<div class=\"fusion-post-wrapper\" style=\"background-color:rgba(245,245,245,1);border:1px solid #ffffff;border-bottom-width:3px;\">\n\n<div class=\"fusion-post-content-wrapper\" style=\"padding:3% 3% 3% 3%;\"><div class=\"fusion-post-content post-content\"><h2 class=\"blog-shortcode-post-title entry-title\"><a href=\"https:\/\/wndev.xyz\/lea\/comparative-literature-and-possible-texts\/\">Comparative Literature and Possible Texts, Conference, December 1 &#038; 2 2022<\/a><\/h2><p class=\"fusion-single-line-meta\">By <span class=\"vcard\"><span class=\"fn\"><a href=\"https:\/\/wndev.xyz\/lea\/author\/admin\/\" title=\"Posts by Groupe L\u00c9A!\" rel=\"author\">Groupe L\u00c9A!<\/a><\/span><\/span><span class=\"fusion-inline-sep\">|<\/span><span class=\"updated\" style=\"display:none;\">2022-08-29T09:28:58+00:00<\/span><span>August, 2022<\/span><span class=\"fusion-inline-sep\">|<\/span><\/p><div class=\"fusion-content-sep sep-none\"><\/div><div class=\"fusion-post-content-container\"><p>Comparative Literature and Possible Texts Argument The starting idea is [...]<\/p><\/div><\/div><\/div><div class=\"fusion-clearfix\"><\/div><\/div>\n<\/article>\n<article id=\"blog-1-post-2089\" class=\"fusion-post-grid post-2089 post type-post status-publish format-standard hentry category-actualites category-colloques\">\n<div class=\"fusion-post-wrapper\" style=\"background-color:rgba(245,245,245,1);border:1px solid #ffffff;border-bottom-width:3px;\">\n\n<div class=\"fusion-post-content-wrapper\" style=\"padding:3% 3% 3% 3%;\"><div class=\"fusion-post-content post-content\"><h2 class=\"blog-shortcode-post-title entry-title\"><a href=\"https:\/\/wndev.xyz\/lea\/colloque-spectres-de-dostoievski-20-22-octobre-2021-strasbourg-2\/\">Colloque Spectres de Dosto\u00efevski | 20-22 octobre 2021 | Strasbourg<\/a><\/h2><p class=\"fusion-single-line-meta\">By <span class=\"vcard\"><span class=\"fn\"><a href=\"https:\/\/wndev.xyz\/lea\/author\/admin\/\" title=\"Posts by Groupe L\u00c9A!\" rel=\"author\">Groupe L\u00c9A!<\/a><\/span><\/span><span class=\"fusion-inline-sep\">|<\/span><span class=\"updated\" style=\"display:none;\">2021-10-21T08:58:47+00:00<\/span><span>October, 2021<\/span><span class=\"fusion-inline-sep\">|<\/span><\/p><div class=\"fusion-content-sep sep-none\"><\/div><div class=\"fusion-post-content-container\"><p>Colloque International Spectres de Dosto\u00efevski 20-22 octobre 2021 Amphith\u00e9\u00e2tre du [...]<\/p><\/div><\/div><\/div><div class=\"fusion-clearfix\"><\/div><\/div>\n<\/article>\n<article id=\"blog-1-post-2084\" class=\"fusion-post-grid post-2084 post type-post status-publish format-standard hentry category-conferences category-news\">\n<div class=\"fusion-post-wrapper\" style=\"background-color:rgba(245,245,245,1);border:1px solid #ffffff;border-bottom-width:3px;\">\n\n<div class=\"fusion-post-content-wrapper\" style=\"padding:3% 3% 3% 3%;\"><div class=\"fusion-post-content post-content\"><h2 class=\"blog-shortcode-post-title entry-title\"><a href=\"https:\/\/wndev.xyz\/lea\/colloque-spectres-de-dostoievski-20-22-octobre-2021-strasbourg\/\">Colloque Spectres de Dosto\u00efevski | 20-22 octobre 2021 | Strasbourg<\/a><\/h2><p class=\"fusion-single-line-meta\">By <span class=\"vcard\"><span class=\"fn\"><a href=\"https:\/\/wndev.xyz\/lea\/author\/admin\/\" title=\"Posts by Groupe L\u00c9A!\" rel=\"author\">Groupe L\u00c9A!<\/a><\/span><\/span><span class=\"fusion-inline-sep\">|<\/span><span class=\"updated\" style=\"display:none;\">2021-10-21T08:59:52+00:00<\/span><span>October, 2021<\/span><span class=\"fusion-inline-sep\">|<\/span><\/p><div class=\"fusion-content-sep sep-none\"><\/div><div class=\"fusion-post-content-container\"><p>Colloque International Spectres de Dosto\u00efevski 20-22 octobre 2021 Amphith\u00e9\u00e2tre du [...]<\/p><\/div><\/div><\/div><div class=\"fusion-clearfix\"><\/div><\/div>\n<\/article>\n<div class=\"fusion-clearfix\"><\/div><\/div><div class=\"pagination clearfix\"><span class=\"current\">1<\/span><a href=\"https:\/\/wndev.xyz\/lea\/wp-json\/wp\/v2\/pages\/533\/page\/2\/\" class=\"inactive\">2<\/a><a class=\"pagination-next\" rel=\"next\" href=\"https:\/\/wndev.xyz\/lea\/wp-json\/wp\/v2\/pages\/533\/page\/2\/\"><span class=\"page-text\">Next<\/span><span class=\"page-next\"><\/span><\/a><\/div><div class=\"fusion-clearfix\"><\/div><\/div><\/div><\/div><\/div><\/div><\/p>\n","protected":false},"excerpt":{"rendered":"","protected":false},"author":1,"featured_media":0,"parent":0,"menu_order":0,"comment_status":"closed","ping_status":"closed","template":"","meta":{"footnotes":""},"class_list":["post-533","page","type-page","status-publish","hentry"],"_links":{"self":[{"href":"https:\/\/wndev.xyz\/lea\/wp-json\/wp\/v2\/pages\/533","targetHints":{"allow":["GET"]}}],"collection":[{"href":"https:\/\/wndev.xyz\/lea\/wp-json\/wp\/v2\/pages"}],"about":[{"href":"https:\/\/wndev.xyz\/lea\/wp-json\/wp\/v2\/types\/page"}],"author":[{"embeddable":true,"href":"https:\/\/wndev.xyz\/lea\/wp-json\/wp\/v2\/users\/1"}],"replies":[{"embeddable":true,"href":"https:\/\/wndev.xyz\/lea\/wp-json\/wp\/v2\/comments?post=533"}],"version-history":[{"count":8,"href":"https:\/\/wndev.xyz\/lea\/wp-json\/wp\/v2\/pages\/533\/revisions"}],"predecessor-version":[{"id":1404,"href":"https:\/\/wndev.xyz\/lea\/wp-json\/wp\/v2\/pages\/533\/revisions\/1404"}],"wp:attachment":[{"href":"https:\/\/wndev.xyz\/lea\/wp-json\/wp\/v2\/media?parent=533"}],"curies":[{"name":"wp","href":"https:\/\/api.w.org\/{rel}","templated":true}]}}